{"id":14316,"date":"2022-10-25T17:22:02","date_gmt":"2022-10-25T15:22:02","guid":{"rendered":"https:\/\/lalinea.salesianos.edu\/colegio\/?page_id=14316"},"modified":"2025-10-30T21:24:55","modified_gmt":"2025-10-30T20:24:55","slug":"galeria-de-fotos-4ob-eso","status":"publish","type":"page","link":"https:\/\/lalinea.salesianos.edu\/colegio\/galeria-de-fotos-4ob-eso\/","title":{"rendered":"Galer\u00eda de fotos 4\u00baB ESO"},"content":{"rendered":"<p>[et_pb_section fb_built=\u00bb1&#8243; fullwidth=\u00bbon\u00bb _builder_version=\u00bb4.16&#8243; background_color=\u00bb#0c71c3&#8243; global_colors_info=\u00bb{}\u00bb][et_pb_fullwidth_header title=\u00bb\u00c1lbum de fotograf\u00edas\u00bb subhead=\u00bbSalesianos La L\u00ednea\u00bb button_one_url=\u00bb\/legal\u00bb button_two_url=\u00bb\/cookies\u00bb background_overlay_color=\u00bbrgba(220,0,27,0)\u00bb _builder_version=\u00bb4.16&#8243; title_text_align=\u00bbright\u00bb title_font_size=\u00bb65px\u00bb subhead_font=\u00bbLato||on||||||\u00bb subhead_text_align=\u00bbright\u00bb subhead_font_size=\u00bb30px\u00bb subhead_line_height=\u00bb130%\u00bb background_enable_color=\u00bboff\u00bb background_image=\u00bbhttps:\/\/lalinea.salesianos.edu\/colegio\/wp-content\/uploads\/sites\/2\/2022\/10\/WEB-Cabeceras_noticias-copia.jpg\u00bb custom_button_one=\u00bbon\u00bb button_one_text_color=\u00bb#dc001b\u00bb button_one_bg_color=\u00bb#ffffff\u00bb button_one_border_width=\u00bb0px\u00bb button_one_border_radius=\u00bb100px\u00bb button_one_icon=\u00bb&#x35;||divi||400&#8243; button_one_icon_color=\u00bb#dc001b\u00bb custom_button_two=\u00bbon\u00bb button_two_text_color=\u00bb#dc001b\u00bb button_two_bg_color=\u00bb#ffffff\u00bb button_two_border_width=\u00bb0px\u00bb button_two_border_radius=\u00bb100px\u00bb button_two_icon=\u00bb&#x35;||divi||400&#8243; button_two_icon_color=\u00bb#dc001b\u00bb title_text_shadow_style=\u00bbpreset1&#8243; title_text_shadow_vertical_length=\u00bb0em\u00bb title_text_shadow_blur_strength=\u00bb0.65em\u00bb title_text_shadow_color=\u00bbrgba(0,0,0,0.9)\u00bb subhead_text_shadow_style=\u00bbpreset1&#8243; subhead_text_shadow_vertical_length=\u00bb0em\u00bb subhead_text_shadow_blur_strength=\u00bb0.3em\u00bb global_colors_info=\u00bb{}\u00bb][\/et_pb_fullwidth_header][\/et_pb_section][et_pb_section fb_built=\u00bb1&#8243; _builder_version=\u00bb4.16&#8243; custom_margin=\u00bb||-80px|||\u00bb global_colors_info=\u00bb{}\u00bb][et_pb_row _builder_version=\u00bb4.19.0&#8243; custom_padding=\u00bb||0px||false|false\u00bb global_colors_info=\u00bb{}\u00bb][et_pb_column type=\u00bb4_4&#8243; _builder_version=\u00bb4.16&#8243; global_colors_info=\u00bb{}\u00bb][et_pb_text _builder_version=\u00bb4.16&#8243; text_font=\u00bbLato|300|||||||\u00bb text_text_color=\u00bb#dc001b\u00bb text_font_size=\u00bb30px\u00bb custom_margin=\u00bb||0px||false|false\u00bb custom_padding=\u00bb||||false|false\u00bb global_colors_info=\u00bb{}\u00bb]<\/p>\n<p>ALB\u00daM DE FOTOGRAF\u00cdAS<\/p>\n<p>[\/et_pb_text][\/et_pb_column][\/et_pb_row][et_pb_row disabled_on=\u00bboff|off|off\u00bb _builder_version=\u00bb4.27.4&#8243; custom_margin=\u00bb||||false|false\u00bb custom_padding=\u00bb0px||||false|false\u00bb hover_enabled=\u00bb0&#8243; locked=\u00bboff\u00bb global_colors_info=\u00bb{}\u00bb dd_use_password=\u00bbon\u00bb dd_form_password=\u00bbProtagonistas4Beso\u00bb sticky_enabled=\u00bb0&#8243;][et_pb_column type=\u00bb4_4&#8243; _builder_version=\u00bb4.16&#8243; global_colors_info=\u00bb{}\u00bb][\/et_pb_column][\/et_pb_row][\/et_pb_section][et_pb_section fb_built=\u00bb1&#8243; _builder_version=\u00bb4.16&#8243; background_color=\u00bb#e5e5e5&#8243; saved_tabs=\u00bball\u00bb locked=\u00bboff\u00bb global_colors_info=\u00bb{}\u00bb][et_pb_row column_structure=\u00bb1_3,1_3,1_3&#8243; _builder_version=\u00bb4.16&#8243; global_colors_info=\u00bb{}\u00bb][et_pb_column type=\u00bb1_3&#8243; _builder_version=\u00bb4.16&#8243; global_colors_info=\u00bb{}\u00bb][et_pb_blurb title=\u00bbAmbiente Seguro\u00bb url=\u00bb@ET-DC@eyJkeW5hbWljIjp0cnVlLCJjb250ZW50IjoicG9zdF9saW5rX3VybF9wYWdlIiwic2V0dGluZ3MiOnsicG9zdF9pZCI6IjI2ODcwIn19@\u00bb use_icon=\u00bbon\u00bb font_icon=\u00bb&#xe106;||divi||400&#8243; image_icon_background_color=\u00bbrgba(0,0,0,0)\u00bb image_icon_width=\u00bb90px\u00bb icon_color_last_edited=\u00bboff|desktop\u00bb content_max_width_last_edited=\u00bboff|desktop\u00bb _builder_version=\u00bb4.16&#8243; _dynamic_attributes=\u00bburl\u00bb header_level=\u00bbh1&#8243; header_font=\u00bb|300|||||||\u00bb header_text_align=\u00bbcenter\u00bb header_text_color=\u00bb#dc001b\u00bb body_text_align=\u00bbcenter\u00bb background_color=\u00bb#ffffff\u00bb image_icon_custom_padding=\u00bb25px|25px|25px|25px|false|false\u00bb text_orientation=\u00bbcenter\u00bb custom_margin=\u00bb||||false|false\u00bb custom_padding=\u00bb20px|20px|20px|20px|true|true\u00bb custom_css_blurb_image=\u00bbmargin-bottom:10px;\u00bb border_radii=\u00bbon|20px|20px|20px|20px\u00bb border_color_all=\u00bb#636a70&#8243; border_radii_image=\u00bbon|100%|100%|100%|100%\u00bb border_width_all_image=\u00bb3px\u00bb border_color_all_image=\u00bbrgba(0,0,0,0)\u00bb box_shadow_style=\u00bbpreset2&#8243; icon_font_size=\u00bb90px\u00bb use_circle=\u00bbon\u00bb use_circle_border=\u00bbon\u00bb circle_border_color=\u00bbrgba(0,0,0,0)\u00bb circle_color=\u00bbrgba(0,0,0,0)\u00bb circle_color__hover=\u00bb#dc001b\u00bb circle_color__hover_enabled=\u00bboff|desktop\u00bb global_colors_info=\u00bb{}\u00bb icon_color__hover_enabled=\u00bboff|hover\u00bb icon_color__hover=\u00bb#ffffff\u00bb transform_styles__hover_enabled=\u00bbon|hover\u00bb transform_scale__hover_enabled=\u00bbon|hover\u00bb transform_translate__hover_enabled=\u00bbon|desktop\u00bb transform_rotate__hover_enabled=\u00bbon|desktop\u00bb transform_skew__hover_enabled=\u00bbon|desktop\u00bb transform_origin__hover_enabled=\u00bbon|desktop\u00bb transform_scale__hover=\u00bb110%|110%\u00bb image_icon_background_color__hover=\u00bb#dc001b\u00bb image_icon_background_color__hover_enabled=\u00bboff|desktop\u00bb image_icon_background_color__sticky_enabled=\u00bb#dc001b\u00bb image_icon_background_color__sticky=\u00bb#dc001b\u00bb][\/et_pb_blurb][\/et_pb_column][et_pb_column type=\u00bb1_3&#8243; _builder_version=\u00bb4.16&#8243; global_colors_info=\u00bb{}\u00bb][et_pb_blurb title=\u00bb\u00bfD\u00f3nde Estamos?\u00bb url=\u00bb@ET-DC@eyJkeW5hbWljIjp0cnVlLCJjb250ZW50IjoicG9zdF9saW5rX3VybF9wYWdlIiwic2V0dGluZ3MiOnsicG9zdF9pZCI6Ijk3NTYifX0=@\u00bb use_icon=\u00bbon\u00bb font_icon=\u00bb&#xe01c;||divi||400&#8243; image_icon_background_color=\u00bbrgba(0,0,0,0)\u00bb image_icon_width=\u00bb90px\u00bb icon_color_last_edited=\u00bboff|desktop\u00bb content_max_width_last_edited=\u00bboff|desktop\u00bb _builder_version=\u00bb4.16&#8243; _dynamic_attributes=\u00bburl\u00bb header_level=\u00bbh1&#8243; header_font=\u00bb|300|||||||\u00bb header_text_align=\u00bbcenter\u00bb header_text_color=\u00bb#dc001b\u00bb body_text_align=\u00bbcenter\u00bb background_color=\u00bb#ffffff\u00bb image_icon_custom_padding=\u00bb25px|25px|25px|25px|false|false\u00bb text_orientation=\u00bbcenter\u00bb custom_margin=\u00bb||||false|false\u00bb custom_padding=\u00bb20px|20px|20px|20px|true|true\u00bb custom_css_blurb_image=\u00bbmargin-bottom:10px;\u00bb border_radii=\u00bbon|20px|20px|20px|20px\u00bb border_color_all=\u00bb#636a70&#8243; border_radii_image=\u00bbon|100%|100%|100%|100%\u00bb border_width_all_image=\u00bb3px\u00bb border_color_all_image=\u00bbrgba(0,0,0,0)\u00bb box_shadow_style=\u00bbpreset2&#8243; icon_font_size=\u00bb90px\u00bb use_circle=\u00bbon\u00bb use_circle_border=\u00bbon\u00bb circle_border_color=\u00bbrgba(0,0,0,0)\u00bb circle_color=\u00bbrgba(0,0,0,0)\u00bb circle_color__hover=\u00bb#dc001b\u00bb circle_color__hover_enabled=\u00bboff|desktop\u00bb global_colors_info=\u00bb{}\u00bb icon_color__hover_enabled=\u00bboff|hover\u00bb icon_color__hover=\u00bb#ffffff\u00bb transform_styles__hover_enabled=\u00bbon|hover\u00bb transform_scale__hover_enabled=\u00bbon|hover\u00bb transform_translate__hover_enabled=\u00bbon|desktop\u00bb transform_rotate__hover_enabled=\u00bbon|desktop\u00bb transform_skew__hover_enabled=\u00bbon|desktop\u00bb transform_origin__hover_enabled=\u00bbon|desktop\u00bb transform_scale__hover=\u00bb110%|110%\u00bb image_icon_background_color__hover=\u00bb#dc001b\u00bb image_icon_background_color__hover_enabled=\u00bboff|desktop\u00bb image_icon_background_color__sticky_enabled=\u00bb#dc001b\u00bb image_icon_background_color__sticky=\u00bb#dc001b\u00bb][\/et_pb_blurb][\/et_pb_column][et_pb_column type=\u00bb1_3&#8243; _builder_version=\u00bb4.16&#8243; global_colors_info=\u00bb{}\u00bb][et_pb_blurb title=\u00bbSistema Preventivo\u00bb url=\u00bb@ET-DC@eyJkeW5hbWljIjp0cnVlLCJjb250ZW50IjoicG9zdF9saW5rX3VybF9wYWdlIiwic2V0dGluZ3MiOnsicG9zdF9pZCI6IjI0OTI5In19@\u00bb use_icon=\u00bbon\u00bb font_icon=\u00bb&#x72;||divi||400&#8243; image_icon_background_color=\u00bbrgba(0,0,0,0)\u00bb image_icon_width=\u00bb90px\u00bb icon_color_last_edited=\u00bboff|desktop\u00bb content_max_width_last_edited=\u00bboff|desktop\u00bb _builder_version=\u00bb4.16&#8243; _dynamic_attributes=\u00bburl\u00bb header_level=\u00bbh1&#8243; header_font=\u00bb|300|||||||\u00bb header_text_align=\u00bbcenter\u00bb header_text_color=\u00bb#dc001b\u00bb body_text_align=\u00bbcenter\u00bb background_color=\u00bb#ffffff\u00bb image_icon_custom_padding=\u00bb25px|25px|25px|25px|false|false\u00bb text_orientation=\u00bbcenter\u00bb custom_margin=\u00bb||||false|false\u00bb custom_padding=\u00bb20px|20px|20px|20px|true|true\u00bb custom_css_blurb_image=\u00bbmargin-bottom:10px;\u00bb border_radii=\u00bbon|20px|20px|20px|20px\u00bb border_color_all=\u00bb#636a70&#8243; border_radii_image=\u00bbon|100%|100%|100%|100%\u00bb border_width_all_image=\u00bb3px\u00bb border_color_all_image=\u00bbrgba(0,0,0,0)\u00bb box_shadow_style=\u00bbpreset2&#8243; icon_font_size=\u00bb90px\u00bb use_circle=\u00bbon\u00bb use_circle_border=\u00bbon\u00bb circle_border_color=\u00bbrgba(0,0,0,0)\u00bb circle_color=\u00bbrgba(0,0,0,0)\u00bb circle_color__hover=\u00bb#dc001b\u00bb circle_color__hover_enabled=\u00bboff|desktop\u00bb global_colors_info=\u00bb{}\u00bb icon_color__hover_enabled=\u00bboff|hover\u00bb icon_color__hover=\u00bb#ffffff\u00bb transform_styles__hover_enabled=\u00bbon|hover\u00bb transform_scale__hover_enabled=\u00bbon|hover\u00bb transform_translate__hover_enabled=\u00bbon|desktop\u00bb transform_rotate__hover_enabled=\u00bbon|desktop\u00bb transform_skew__hover_enabled=\u00bbon|desktop\u00bb transform_origin__hover_enabled=\u00bbon|desktop\u00bb transform_scale__hover=\u00bb110%|110%\u00bb image_icon_background_color__hover=\u00bb#dc001b\u00bb image_icon_background_color__hover_enabled=\u00bboff|desktop\u00bb image_icon_background_color__sticky_enabled=\u00bb#dc001b\u00bb image_icon_background_color__sticky=\u00bb#dc001b\u00bb][\/et_pb_blurb][\/et_pb_column][\/et_pb_row][\/et_pb_section]<\/p>\n","protected":false},"excerpt":{"rendered":"<p>ALB\u00daM DE FOTOGRAF\u00cdAS<\/p>\n","protected":false},"author":2,"featured_media":0,"parent":0,"menu_order":0,"comment_status":"closed","ping_status":"closed","template":"","meta":{"_et_pb_use_builder":"on","_et_pb_old_content":"","_et_gb_content_width":"","footnotes":""},"class_list":["post-14316","page","type-page","status-publish","hentry"],"yoast_head":"<!-- This site is optimized with the Yoast SEO plugin v27.4 - https:\/\/yoast.com\/product\/yoast-seo-wordpress\/ -->\n<title>Galer\u00eda de fotos 4\u00baB ESO - Colegio<\/title>\n<meta name=\"description\" content=\"Galer\u00eda de fotos de 4\u00baB ESO, accede a la galer\u00eda utilizando la contrase\u00f1a facilitada por el tutor o tutora del curso.\" \/>\n<meta name=\"robots\" content=\"index, follow, max-snippet:-1, max-image-preview:large, max-video-preview:-1\" \/>\n<link rel=\"canonical\" href=\"https:\/\/lalinea.salesianos.edu\/colegio\/galeria-de-fotos-4ob-eso\/\" \/>\n<meta property=\"og:locale\" content=\"es_ES\" \/>\n<meta property=\"og:type\" content=\"article\" \/>\n<meta property=\"og:title\" content=\"Galer\u00eda de fotos 4\u00baB ESO - Colegio\" \/>\n<meta property=\"og:description\" content=\"Galer\u00eda de fotos de 4\u00baB ESO, accede a la galer\u00eda utilizando la contrase\u00f1a facilitada por el tutor o tutora del curso.\" \/>\n<meta property=\"og:url\" content=\"https:\/\/lalinea.salesianos.edu\/colegio\/galeria-de-fotos-4ob-eso\/\" \/>\n<meta property=\"og:site_name\" content=\"Colegio\" \/>\n<meta property=\"article:modified_time\" content=\"2025-10-30T20:24:55+00:00\" \/>\n<meta name=\"twitter:card\" content=\"summary_large_image\" \/>\n<meta name=\"twitter:label1\" content=\"Tiempo de lectura\" \/>\n\t<meta name=\"twitter:data1\" content=\"1 minuto\" \/>\n<script type=\"application\/ld+json\" class=\"yoast-schema-graph\">{\"@context\":\"https:\\\/\\\/schema.org\",\"@graph\":[{\"@type\":\"WebPage\",\"@id\":\"https:\\\/\\\/lalinea.salesianos.edu\\\/colegio\\\/galeria-de-fotos-4ob-eso\\\/\",\"url\":\"https:\\\/\\\/lalinea.salesianos.edu\\\/colegio\\\/galeria-de-fotos-4ob-eso\\\/\",\"name\":\"Galer\u00eda de fotos 4\u00baB ESO - Colegio\",\"isPartOf\":{\"@id\":\"https:\\\/\\\/lalinea.salesianos.edu\\\/colegio\\\/#website\"},\"datePublished\":\"2022-10-25T15:22:02+00:00\",\"dateModified\":\"2025-10-30T20:24:55+00:00\",\"description\":\"Galer\u00eda de fotos de 4\u00baB ESO, accede a la galer\u00eda utilizando la contrase\u00f1a facilitada por el tutor o tutora del curso.\",\"breadcrumb\":{\"@id\":\"https:\\\/\\\/lalinea.salesianos.edu\\\/colegio\\\/galeria-de-fotos-4ob-eso\\\/#breadcrumb\"},\"inLanguage\":\"es\",\"potentialAction\":[{\"@type\":\"ReadAction\",\"target\":[\"https:\\\/\\\/lalinea.salesianos.edu\\\/colegio\\\/galeria-de-fotos-4ob-eso\\\/\"]}]},{\"@type\":\"BreadcrumbList\",\"@id\":\"https:\\\/\\\/lalinea.salesianos.edu\\\/colegio\\\/galeria-de-fotos-4ob-eso\\\/#breadcrumb\",\"itemListElement\":[{\"@type\":\"ListItem\",\"position\":1,\"name\":\"Portada\",\"item\":\"https:\\\/\\\/lalinea.salesianos.edu\\\/colegio\\\/\"},{\"@type\":\"ListItem\",\"position\":2,\"name\":\"Galer\u00eda de fotos 4\u00baB ESO\"}]},{\"@type\":\"WebSite\",\"@id\":\"https:\\\/\\\/lalinea.salesianos.edu\\\/colegio\\\/#website\",\"url\":\"https:\\\/\\\/lalinea.salesianos.edu\\\/colegio\\\/\",\"name\":\"Colegio\",\"description\":\"P\u00e1gina oficial Salesianos La L\u00ednea de la Concepci\u00f3n\",\"potentialAction\":[{\"@type\":\"SearchAction\",\"target\":{\"@type\":\"EntryPoint\",\"urlTemplate\":\"https:\\\/\\\/lalinea.salesianos.edu\\\/colegio\\\/?s={search_term_string}\"},\"query-input\":{\"@type\":\"PropertyValueSpecification\",\"valueRequired\":true,\"valueName\":\"search_term_string\"}}],\"inLanguage\":\"es\"}]}<\/script>\n<!-- \/ Yoast SEO plugin. -->","yoast_head_json":{"title":"Galer\u00eda de fotos 4\u00baB ESO - Colegio","description":"Galer\u00eda de fotos de 4\u00baB ESO, accede a la galer\u00eda utilizando la contrase\u00f1a facilitada por el tutor o tutora del curso.","robots":{"index":"index","follow":"follow","max-snippet":"max-snippet:-1","max-image-preview":"max-image-preview:large","max-video-preview":"max-video-preview:-1"},"canonical":"https:\/\/lalinea.salesianos.edu\/colegio\/galeria-de-fotos-4ob-eso\/","og_locale":"es_ES","og_type":"article","og_title":"Galer\u00eda de fotos 4\u00baB ESO - Colegio","og_description":"Galer\u00eda de fotos de 4\u00baB ESO, accede a la galer\u00eda utilizando la contrase\u00f1a facilitada por el tutor o tutora del curso.","og_url":"https:\/\/lalinea.salesianos.edu\/colegio\/galeria-de-fotos-4ob-eso\/","og_site_name":"Colegio","article_modified_time":"2025-10-30T20:24:55+00:00","twitter_card":"summary_large_image","twitter_misc":{"Tiempo de lectura":"1 minuto"},"schema":{"@context":"https:\/\/schema.org","@graph":[{"@type":"WebPage","@id":"https:\/\/lalinea.salesianos.edu\/colegio\/galeria-de-fotos-4ob-eso\/","url":"https:\/\/lalinea.salesianos.edu\/colegio\/galeria-de-fotos-4ob-eso\/","name":"Galer\u00eda de fotos 4\u00baB ESO - Colegio","isPartOf":{"@id":"https:\/\/lalinea.salesianos.edu\/colegio\/#website"},"datePublished":"2022-10-25T15:22:02+00:00","dateModified":"2025-10-30T20:24:55+00:00","description":"Galer\u00eda de fotos de 4\u00baB ESO, accede a la galer\u00eda utilizando la contrase\u00f1a facilitada por el tutor o tutora del curso.","breadcrumb":{"@id":"https:\/\/lalinea.salesianos.edu\/colegio\/galeria-de-fotos-4ob-eso\/#breadcrumb"},"inLanguage":"es","potentialAction":[{"@type":"ReadAction","target":["https:\/\/lalinea.salesianos.edu\/colegio\/galeria-de-fotos-4ob-eso\/"]}]},{"@type":"BreadcrumbList","@id":"https:\/\/lalinea.salesianos.edu\/colegio\/galeria-de-fotos-4ob-eso\/#breadcrumb","itemListElement":[{"@type":"ListItem","position":1,"name":"Portada","item":"https:\/\/lalinea.salesianos.edu\/colegio\/"},{"@type":"ListItem","position":2,"name":"Galer\u00eda de fotos 4\u00baB ESO"}]},{"@type":"WebSite","@id":"https:\/\/lalinea.salesianos.edu\/colegio\/#website","url":"https:\/\/lalinea.salesianos.edu\/colegio\/","name":"Colegio","description":"P\u00e1gina oficial Salesianos La L\u00ednea de la Concepci\u00f3n","potentialAction":[{"@type":"SearchAction","target":{"@type":"EntryPoint","urlTemplate":"https:\/\/lalinea.salesianos.edu\/colegio\/?s={search_term_string}"},"query-input":{"@type":"PropertyValueSpecification","valueRequired":true,"valueName":"search_term_string"}}],"inLanguage":"es"}]}},"_links":{"self":[{"href":"https:\/\/lalinea.salesianos.edu\/colegio\/wp-json\/wp\/v2\/pages\/14316","targetHints":{"allow":["GET"]}}],"collection":[{"href":"https:\/\/lalinea.salesianos.edu\/colegio\/wp-json\/wp\/v2\/pages"}],"about":[{"href":"https:\/\/lalinea.salesianos.edu\/colegio\/wp-json\/wp\/v2\/types\/page"}],"author":[{"embeddable":true,"href":"https:\/\/lalinea.salesianos.edu\/colegio\/wp-json\/wp\/v2\/users\/2"}],"replies":[{"embeddable":true,"href":"https:\/\/lalinea.salesianos.edu\/colegio\/wp-json\/wp\/v2\/comments?post=14316"}],"version-history":[{"count":8,"href":"https:\/\/lalinea.salesianos.edu\/colegio\/wp-json\/wp\/v2\/pages\/14316\/revisions"}],"predecessor-version":[{"id":15782,"href":"https:\/\/lalinea.salesianos.edu\/colegio\/wp-json\/wp\/v2\/pages\/14316\/revisions\/15782"}],"wp:attachment":[{"href":"https:\/\/lalinea.salesianos.edu\/colegio\/wp-json\/wp\/v2\/media?parent=14316"}],"curies":[{"name":"wp","href":"https:\/\/api.w.org\/{rel}","templated":true}]}}