{"id":4657,"date":"2017-11-02T21:05:55","date_gmt":"2017-11-02T20:05:55","guid":{"rendered":"https:\/\/lalinea.salesianos.edu\/colegio\/?page_id=4657"},"modified":"2025-08-04T10:50:09","modified_gmt":"2025-08-04T08:50:09","slug":"oferta-educativa","status":"publish","type":"page","link":"https:\/\/lalinea.salesianos.edu\/colegio\/oferta-educativa\/","title":{"rendered":"Oferta Educativa"},"content":{"rendered":"<p>[et_pb_section bb_built=\u00bb1&#8243; fullwidth=\u00bbon\u00bb _builder_version=\u00bb3.0.84&#8243;][et_pb_fullwidth_header title=\u00bbOferta educativa\u00bb title_font_color=\u00bb#ffffff\u00bb module_class=\u00bbpagina-imagen-cabecera\u00bb _builder_version=\u00bb3.0.89&#8243; title_font_size=\u00bb40px\u00bb background_image=\u00bbhttps:\/\/lalinea.salesianos.edu\/colegio\/wp-content\/uploads\/sites\/2\/2017\/11\/image1-Recuperado-copia.jpg\u00bb background_url=\u00bbhttps:\/\/alicante.salesianos.edu\/colegio\/wp-content\/uploads\/sites\/2\/2017\/03\/Archivo_002-2.jpeg\u00bb text_orientation=\u00bbleft\u00bb header_fullscreen=\u00bboff\u00bb header_scroll_down=\u00bboff\u00bb image_orientation=\u00bbcenter\u00bb background_layout=\u00bblight\u00bb content_orientation=\u00bbcenter\u00bb custom_button_one=\u00bboff\u00bb button_one_icon_placement=\u00bbright\u00bb custom_button_two=\u00bboff\u00bb button_two_icon_placement=\u00bbright\u00bb max_width_tablet=\u00bb50px\u00bb title_text_color=\u00bb#ffffff\u00bb \/][\/et_pb_section][et_pb_section bb_built=\u00bb1&#8243; custom_padding=\u00bb0px|0px|54px|0px\u00bb module_class=\u00bbpagina-seccion-contenido\u00bb _builder_version=\u00bb3.0.69&#8243;][et_pb_row custom_padding=\u00bb|||\u00bb custom_margin=\u00bb|||\u00bb parallax_method_1=\u00bboff\u00bb module_class=\u00bbpagina-texto\u00bb _builder_version=\u00bb3.0.69&#8243; background_size=\u00bbinitial\u00bb background_position=\u00bbtop_left\u00bb background_repeat=\u00bbrepeat\u00bb][et_pb_column type=\u00bb3_4&#8243;][et_pb_text _builder_version=\u00bb3.0.84&#8243; custom_margin=\u00bb|||\u00bb custom_padding=\u00bb25px|||\u00bb background_layout=\u00bblight\u00bb]<\/p>\n<h1>Una escuela que acompa\u00f1a<\/h1>\n<p>[\/et_pb_text][et_pb_text _builder_version=\u00bb3.0.84&#8243; background_size=\u00bbinitial\u00bb background_position=\u00bbtop_left\u00bb background_repeat=\u00bbrepeat\u00bb background_layout=\u00bblight\u00bb]<\/p>\n<div align=\"justify\">\n<p>En nuestro centro tus hijos\/as podr\u00e1n cursar tanto las\u00a0<strong>etapas obligatorias<\/strong>\u00a0(<em>Primaria y Secundaria<\/em>) como las\u00a0<strong>no obligatorias<\/strong>(<em>Infantil y Formaci\u00f3n Profesional B\u00e1sica<\/em>). Esto significa que desde los 3 a\u00f1os hasta el final de la ense\u00f1anza obligatoria podr\u00e1n disfrutar de una\u00a0<strong>educaci\u00f3n continuada\u00a0<\/strong>y en sinton\u00eda con los valores propios de una escuela\u00a0<strong>salesiana y cristiana<\/strong>.<\/p>\n<p>Para poder atender a la demanda del centro, disponemos de <strong>1 l\u00ednea<\/strong> de <strong>infantil<\/strong> y <strong>2\u00a0l\u00edneas<\/strong>\u00a0por curso en las etapas de <strong>primaria<\/strong> y<strong>\u00a0secundaria<\/strong> y 1 l\u00ednea de <strong>formaci\u00f3n profesional b\u00e1sica<\/strong><\/p>\n<p>Adem\u00e1s, con el objetivo de ofrecer una\u00a0<strong>educaci\u00f3n de calidad abierta a todas aquellas familias que nos quieran escoger\u00a0<\/strong>como centro educativo, hemos procurado que todas nuestras aulas desde Infantil hasta FPB est\u00e9n\u00a0<strong>subvencionadas por concierto<\/strong>\u00a0con la Junta de Andaluc\u00eda.<\/p>\n<\/div>\n<p>[\/et_pb_text][\/et_pb_column][et_pb_column type=\u00bb1_4&#8243;][et_pb_number_counter title=\u00bbEtapas\u00bb number=\u00bb4&#8243; percent_sign=\u00bboff\u00bb _builder_version=\u00bb3.0.84&#8243; title_font=\u00bbLato Light||||\u00bb title_font_size=\u00bb30px\u00bb title_text_color=\u00bb#7a7a7a\u00bb number_font=\u00bbLato||||\u00bb custom_padding=\u00bb15px|||\u00bb custom_padding_last_edited=\u00bboff|desktop\u00bb background_layout=\u00bblight\u00bb number_text_color=\u00bb#dc001b\u00bb \/][et_pb_number_counter title=\u00bbAlumnos\u00bb number=\u00bb660&#8243; percent_sign=\u00bboff\u00bb _builder_version=\u00bb3.0.89&#8243; title_font=\u00bbLato Light||||\u00bb title_font_size=\u00bb30px\u00bb title_text_color=\u00bb#7a7a7a\u00bb number_font=\u00bbLato||||\u00bb background_layout=\u00bblight\u00bb number_text_color=\u00bb#dc001b\u00bb \/][\/et_pb_column][\/et_pb_row][et_pb_row admin_label=\u00bbrow\u00bb custom_padding=\u00bb|0px|0px|0px\u00bb _builder_version=\u00bb3.0.69&#8243; background_size=\u00bbinitial\u00bb background_position=\u00bbtop_left\u00bb background_repeat=\u00bbrepeat\u00bb][et_pb_column type=\u00bb1_2&#8243;][et_pb_blurb admin_label=\u00bbBot\u00f3n a etapa educativa (Anuncio)\u00bb title=\u00bbEducaci\u00f3n Infantil\u00bb url=\u00bbhttps:\/\/lalinea.salesianos.edu\/colegio\/infantil\/\u00bb text_orientation=\u00bbcenter\u00bb _builder_version=\u00bb3.0.89&#8243; header_font=\u00bbLato Light||||\u00bb header_font_size=\u00bb47px\u00bb header_text_color=\u00bb#ffffff\u00bb background_color=\u00bb#e02b20&#8243; background_image=\u00bbhttps:\/\/lalinea.salesianos.edu\/colegio\/wp-content\/uploads\/sites\/2\/2017\/11\/17201084_1594717190540216_6740354444266306945_n.jpg\u00bb background_blend=\u00bbdarken\u00bb custom_margin=\u00bb||25px|\u00bb custom_padding=\u00bb76px||82px|\u00bb url_new_window=\u00bboff\u00bb use_icon=\u00bboff\u00bb use_circle=\u00bboff\u00bb use_circle_border=\u00bboff\u00bb icon_placement=\u00bbtop\u00bb use_icon_font_size=\u00bboff\u00bb background_layout=\u00bblight\u00bb max_width_tablet=\u00bb50px\u00bb \/][\/et_pb_column][et_pb_column type=\u00bb1_2&#8243;][et_pb_blurb admin_label=\u00bbBot\u00f3n a etapa educativa (Anuncio)\u00bb title=\u00bbEducaci\u00f3n Primaria\u00bb url=\u00bbhttps:\/\/lalinea.salesianos.edu\/colegio\/primaria\/\u00bb text_orientation=\u00bbcenter\u00bb _builder_version=\u00bb3.0.89&#8243; header_font=\u00bbLato Light||||\u00bb header_font_size=\u00bb45px\u00bb header_text_color=\u00bb#ffffff\u00bb background_color=\u00bb#e02b20&#8243; background_image=\u00bbhttps:\/\/lalinea.salesianos.edu\/colegio\/wp-content\/uploads\/sites\/2\/2017\/11\/14925816_1404192639592673_5990315905188291960_n.jpg\u00bb background_blend=\u00bbdarken\u00bb custom_margin=\u00bb||25px|\u00bb custom_padding=\u00bb76px||82px|\u00bb url_new_window=\u00bboff\u00bb use_icon=\u00bboff\u00bb use_circle=\u00bboff\u00bb use_circle_border=\u00bboff\u00bb icon_placement=\u00bbtop\u00bb use_icon_font_size=\u00bboff\u00bb background_layout=\u00bblight\u00bb max_width_tablet=\u00bb50px\u00bb \/][\/et_pb_column][\/et_pb_row][et_pb_row custom_padding=\u00bb0px|0px|0px|0px\u00bb _builder_version=\u00bb3.0.69&#8243;][et_pb_column type=\u00bb1_2&#8243;][et_pb_blurb admin_label=\u00bbBot\u00f3n a etapa educativa (Anuncio)\u00bb title=\u00bbEducaci\u00f3n Secundaria\u00bb url=\u00bbhttps:\/\/lalinea.salesianos.edu\/colegio\/secundaria\/\u00bb text_orientation=\u00bbcenter\u00bb _builder_version=\u00bb3.0.89&#8243; header_font=\u00bbLato Light||||\u00bb header_font_size=\u00bb42px\u00bb header_text_color=\u00bb#ffffff\u00bb background_color=\u00bb#e02b20&#8243; background_image=\u00bbhttps:\/\/lalinea.salesianos.edu\/colegio\/wp-content\/uploads\/sites\/2\/2017\/11\/23131944_1900232716655327_5683974405204775920_n.jpg\u00bb background_blend=\u00bbdarken\u00bb custom_margin=\u00bb||25px|\u00bb custom_padding=\u00bb79px||84px|\u00bb url_new_window=\u00bboff\u00bb use_icon=\u00bboff\u00bb use_circle=\u00bboff\u00bb use_circle_border=\u00bboff\u00bb icon_placement=\u00bbtop\u00bb use_icon_font_size=\u00bboff\u00bb background_layout=\u00bblight\u00bb max_width_tablet=\u00bb50px\u00bb \/][\/et_pb_column][et_pb_column type=\u00bb1_2&#8243;][et_pb_blurb admin_label=\u00bbBot\u00f3n a etapa educativa (Anuncio)\u00bb title=\u00bbFPB\u00bb url=\u00bbhttps:\/\/lalinea.salesianos.edu\/colegio\/fpb\/\u00bb text_orientation=\u00bbcenter\u00bb _builder_version=\u00bb3.0.89&#8243; header_font=\u00bbLato Light||||\u00bb header_font_size=\u00bb47px\u00bb header_text_color=\u00bb#ffffff\u00bb background_color=\u00bb#e02b20&#8243; background_image=\u00bbhttps:\/\/lalinea.salesianos.edu\/colegio\/wp-content\/uploads\/sites\/2\/2017\/11\/12734209_1160781117267161_2508425825542951341_n.jpg\u00bb background_blend=\u00bbdarken\u00bb custom_margin=\u00bb||25px|\u00bb custom_padding=\u00bb76px||82px|\u00bb url_new_window=\u00bboff\u00bb use_icon=\u00bboff\u00bb use_circle=\u00bboff\u00bb use_circle_border=\u00bboff\u00bb icon_placement=\u00bbtop\u00bb use_icon_font_size=\u00bboff\u00bb background_layout=\u00bblight\u00bb max_width_tablet=\u00bb50px\u00bb \/][\/et_pb_column][\/et_pb_row][et_pb_row custom_padding=\u00bb0px|0px|26.328125px|0px\u00bb _builder_version=\u00bb3.0.69&#8243;][et_pb_column type=\u00bb4_4&#8243;][\/et_pb_column][\/et_pb_row][\/et_pb_section]<\/p>\n","protected":false},"excerpt":{"rendered":"<p>Una escuela que acompa\u00f1a En nuestro centro tus hijos\/as podr\u00e1n cursar tanto las\u00a0etapas obligatorias\u00a0(Primaria y Secundaria) como las\u00a0no obligatorias(Infantil y Formaci\u00f3n Profesional B\u00e1sica). Esto significa que desde los 3 a\u00f1os hasta el final de la ense\u00f1anza obligatoria podr\u00e1n disfrutar de una\u00a0educaci\u00f3n continuada\u00a0y en sinton\u00eda con los valores propios de una escuela\u00a0salesiana y cristiana. Para poder [&hellip;]<\/p>\n","protected":false},"author":2,"featured_media":0,"parent":0,"menu_order":0,"comment_status":"closed","ping_status":"closed","template":"","meta":{"_et_pb_use_builder":"on","_et_pb_old_content":"","_et_gb_content_width":"","footnotes":""},"class_list":["post-4657","page","type-page","status-publish","hentry"],"yoast_head":"<!-- This site is optimized with the Yoast SEO plugin v27.4 - https:\/\/yoast.com\/product\/yoast-seo-wordpress\/ -->\n<title>Oferta Educativa - Colegio<\/title>\n<meta name=\"robots\" content=\"index, follow, max-snippet:-1, max-image-preview:large, max-video-preview:-1\" \/>\n<link rel=\"canonical\" href=\"https:\/\/lalinea.salesianos.edu\/colegio\/oferta-educativa\/\" \/>\n<meta property=\"og:locale\" content=\"es_ES\" \/>\n<meta property=\"og:type\" content=\"article\" \/>\n<meta property=\"og:title\" content=\"Oferta Educativa - Colegio\" \/>\n<meta property=\"og:description\" content=\"Una escuela que acompa\u00f1a En nuestro centro tus hijos\/as podr\u00e1n cursar tanto las\u00a0etapas obligatorias\u00a0(Primaria y Secundaria) como las\u00a0no obligatorias(Infantil y Formaci\u00f3n Profesional B\u00e1sica). Esto significa que desde los 3 a\u00f1os hasta el final de la ense\u00f1anza obligatoria podr\u00e1n disfrutar de una\u00a0educaci\u00f3n continuada\u00a0y en sinton\u00eda con los valores propios de una escuela\u00a0salesiana y cristiana. Para poder [&hellip;]\" \/>\n<meta property=\"og:url\" content=\"https:\/\/lalinea.salesianos.edu\/colegio\/oferta-educativa\/\" \/>\n<meta property=\"og:site_name\" content=\"Colegio\" \/>\n<meta property=\"article:modified_time\" content=\"2025-08-04T08:50:09+00:00\" \/>\n<meta name=\"twitter:card\" content=\"summary_large_image\" \/>\n<meta name=\"twitter:label1\" content=\"Tiempo de lectura\" \/>\n\t<meta name=\"twitter:data1\" content=\"4 minutos\" \/>\n<script type=\"application\/ld+json\" class=\"yoast-schema-graph\">{\"@context\":\"https:\\\/\\\/schema.org\",\"@graph\":[{\"@type\":\"WebPage\",\"@id\":\"https:\\\/\\\/lalinea.salesianos.edu\\\/colegio\\\/oferta-educativa\\\/\",\"url\":\"https:\\\/\\\/lalinea.salesianos.edu\\\/colegio\\\/oferta-educativa\\\/\",\"name\":\"Oferta Educativa - Colegio\",\"isPartOf\":{\"@id\":\"https:\\\/\\\/lalinea.salesianos.edu\\\/colegio\\\/#website\"},\"datePublished\":\"2017-11-02T20:05:55+00:00\",\"dateModified\":\"2025-08-04T08:50:09+00:00\",\"breadcrumb\":{\"@id\":\"https:\\\/\\\/lalinea.salesianos.edu\\\/colegio\\\/oferta-educativa\\\/#breadcrumb\"},\"inLanguage\":\"es\",\"potentialAction\":[{\"@type\":\"ReadAction\",\"target\":[\"https:\\\/\\\/lalinea.salesianos.edu\\\/colegio\\\/oferta-educativa\\\/\"]}]},{\"@type\":\"BreadcrumbList\",\"@id\":\"https:\\\/\\\/lalinea.salesianos.edu\\\/colegio\\\/oferta-educativa\\\/#breadcrumb\",\"itemListElement\":[{\"@type\":\"ListItem\",\"position\":1,\"name\":\"Portada\",\"item\":\"https:\\\/\\\/lalinea.salesianos.edu\\\/colegio\\\/\"},{\"@type\":\"ListItem\",\"position\":2,\"name\":\"Oferta Educativa\"}]},{\"@type\":\"WebSite\",\"@id\":\"https:\\\/\\\/lalinea.salesianos.edu\\\/colegio\\\/#website\",\"url\":\"https:\\\/\\\/lalinea.salesianos.edu\\\/colegio\\\/\",\"name\":\"Colegio\",\"description\":\"P\u00e1gina oficial Salesianos La L\u00ednea de la Concepci\u00f3n\",\"potentialAction\":[{\"@type\":\"SearchAction\",\"target\":{\"@type\":\"EntryPoint\",\"urlTemplate\":\"https:\\\/\\\/lalinea.salesianos.edu\\\/colegio\\\/?s={search_term_string}\"},\"query-input\":{\"@type\":\"PropertyValueSpecification\",\"valueRequired\":true,\"valueName\":\"search_term_string\"}}],\"inLanguage\":\"es\"}]}<\/script>\n<!-- \/ Yoast SEO plugin. -->","yoast_head_json":{"title":"Oferta Educativa - Colegio","robots":{"index":"index","follow":"follow","max-snippet":"max-snippet:-1","max-image-preview":"max-image-preview:large","max-video-preview":"max-video-preview:-1"},"canonical":"https:\/\/lalinea.salesianos.edu\/colegio\/oferta-educativa\/","og_locale":"es_ES","og_type":"article","og_title":"Oferta Educativa - Colegio","og_description":"Una escuela que acompa\u00f1a En nuestro centro tus hijos\/as podr\u00e1n cursar tanto las\u00a0etapas obligatorias\u00a0(Primaria y Secundaria) como las\u00a0no obligatorias(Infantil y Formaci\u00f3n Profesional B\u00e1sica). Esto significa que desde los 3 a\u00f1os hasta el final de la ense\u00f1anza obligatoria podr\u00e1n disfrutar de una\u00a0educaci\u00f3n continuada\u00a0y en sinton\u00eda con los valores propios de una escuela\u00a0salesiana y cristiana. Para poder [&hellip;]","og_url":"https:\/\/lalinea.salesianos.edu\/colegio\/oferta-educativa\/","og_site_name":"Colegio","article_modified_time":"2025-08-04T08:50:09+00:00","twitter_card":"summary_large_image","twitter_misc":{"Tiempo de lectura":"4 minutos"},"schema":{"@context":"https:\/\/schema.org","@graph":[{"@type":"WebPage","@id":"https:\/\/lalinea.salesianos.edu\/colegio\/oferta-educativa\/","url":"https:\/\/lalinea.salesianos.edu\/colegio\/oferta-educativa\/","name":"Oferta Educativa - Colegio","isPartOf":{"@id":"https:\/\/lalinea.salesianos.edu\/colegio\/#website"},"datePublished":"2017-11-02T20:05:55+00:00","dateModified":"2025-08-04T08:50:09+00:00","breadcrumb":{"@id":"https:\/\/lalinea.salesianos.edu\/colegio\/oferta-educativa\/#breadcrumb"},"inLanguage":"es","potentialAction":[{"@type":"ReadAction","target":["https:\/\/lalinea.salesianos.edu\/colegio\/oferta-educativa\/"]}]},{"@type":"BreadcrumbList","@id":"https:\/\/lalinea.salesianos.edu\/colegio\/oferta-educativa\/#breadcrumb","itemListElement":[{"@type":"ListItem","position":1,"name":"Portada","item":"https:\/\/lalinea.salesianos.edu\/colegio\/"},{"@type":"ListItem","position":2,"name":"Oferta Educativa"}]},{"@type":"WebSite","@id":"https:\/\/lalinea.salesianos.edu\/colegio\/#website","url":"https:\/\/lalinea.salesianos.edu\/colegio\/","name":"Colegio","description":"P\u00e1gina oficial Salesianos La L\u00ednea de la Concepci\u00f3n","potentialAction":[{"@type":"SearchAction","target":{"@type":"EntryPoint","urlTemplate":"https:\/\/lalinea.salesianos.edu\/colegio\/?s={search_term_string}"},"query-input":{"@type":"PropertyValueSpecification","valueRequired":true,"valueName":"search_term_string"}}],"inLanguage":"es"}]}},"_links":{"self":[{"href":"https:\/\/lalinea.salesianos.edu\/colegio\/wp-json\/wp\/v2\/pages\/4657","targetHints":{"allow":["GET"]}}],"collection":[{"href":"https:\/\/lalinea.salesianos.edu\/colegio\/wp-json\/wp\/v2\/pages"}],"about":[{"href":"https:\/\/lalinea.salesianos.edu\/colegio\/wp-json\/wp\/v2\/types\/page"}],"author":[{"embeddable":true,"href":"https:\/\/lalinea.salesianos.edu\/colegio\/wp-json\/wp\/v2\/users\/2"}],"replies":[{"embeddable":true,"href":"https:\/\/lalinea.salesianos.edu\/colegio\/wp-json\/wp\/v2\/comments?post=4657"}],"version-history":[{"count":7,"href":"https:\/\/lalinea.salesianos.edu\/colegio\/wp-json\/wp\/v2\/pages\/4657\/revisions"}],"predecessor-version":[{"id":5412,"href":"https:\/\/lalinea.salesianos.edu\/colegio\/wp-json\/wp\/v2\/pages\/4657\/revisions\/5412"}],"wp:attachment":[{"href":"https:\/\/lalinea.salesianos.edu\/colegio\/wp-json\/wp\/v2\/media?parent=4657"}],"curies":[{"name":"wp","href":"https:\/\/api.w.org\/{rel}","templated":true}]}}