{"id":5184,"date":"2017-11-27T14:23:33","date_gmt":"2017-11-27T13:23:33","guid":{"rendered":"https:\/\/lalinea.salesianos.edu\/colegio\/?page_id=5184"},"modified":"2025-08-04T10:50:07","modified_gmt":"2025-08-04T08:50:07","slug":"historia","status":"publish","type":"page","link":"https:\/\/lalinea.salesianos.edu\/colegio\/historia\/","title":{"rendered":"Historia"},"content":{"rendered":"<p>[et_pb_section fb_built=\u00bb1&#8243; fullwidth=\u00bbon\u00bb _builder_version=\u00bb4.16&#8243; global_colors_info=\u00bb{}\u00bb][et_pb_fullwidth_header title=\u00bbNuestra Historia\u00bb title_font_color=\u00bb#ffffff\u00bb module_class=\u00bbpagina-imagen-cabecera\u00bb _builder_version=\u00bb4.16&#8243; title_font_size=\u00bb40px\u00bb background_color=\u00bbrgba(255, 255, 255, 0)\u00bb background_image=\u00bbhttps:\/\/lalinea.salesianos.edu\/colegio\/wp-content\/uploads\/sites\/2\/2017\/11\/63040_117311241661078_2614273_n.jpg\u00bb background_layout=\u00bblight\u00bb background_url=\u00bbhttp:\/\/webpiloto.salesianos.edu\/wp-content\/uploads\/2017\/02\/ImagenPAGINA01.png\u00bb global_colors_info=\u00bb{}\u00bb button_one_text_size__hover_enabled=\u00bboff\u00bb button_two_text_size__hover_enabled=\u00bboff\u00bb button_one_text_color__hover_enabled=\u00bboff\u00bb button_two_text_color__hover_enabled=\u00bboff\u00bb button_one_border_width__hover_enabled=\u00bboff\u00bb button_two_border_width__hover_enabled=\u00bboff\u00bb button_one_border_color__hover_enabled=\u00bboff\u00bb button_two_border_color__hover_enabled=\u00bboff\u00bb button_one_border_radius__hover_enabled=\u00bboff\u00bb button_two_border_radius__hover_enabled=\u00bboff\u00bb button_one_letter_spacing__hover_enabled=\u00bboff\u00bb button_two_letter_spacing__hover_enabled=\u00bboff\u00bb button_one_bg_color__hover_enabled=\u00bboff\u00bb button_two_bg_color__hover_enabled=\u00bboff\u00bb][\/et_pb_fullwidth_header][\/et_pb_section][et_pb_section fb_built=\u00bb1&#8243; module_class=\u00bbpagina-seccion-contenido\u00bb _builder_version=\u00bb4.16&#8243; custom_padding=\u00bb-4%|||\u00bb transparent_background=\u00bboff\u00bb make_fullwidth=\u00bboff\u00bb use_custom_width=\u00bboff\u00bb width_unit=\u00bbon\u00bb global_colors_info=\u00bb{}\u00bb][et_pb_row module_class=\u00bbpagina-texto\u00bb _builder_version=\u00bb4.16&#8243; background_size=\u00bbinitial\u00bb background_position=\u00bbtop_left\u00bb background_repeat=\u00bbrepeat\u00bb make_fullwidth=\u00bboff\u00bb use_custom_width=\u00bboff\u00bb width_unit=\u00bbon\u00bb global_colors_info=\u00bb{}\u00bb][et_pb_column type=\u00bb4_4&#8243; _builder_version=\u00bb4.16&#8243; custom_padding=\u00bb|||\u00bb global_colors_info=\u00bb{}\u00bb custom_padding__hover=\u00bb|||\u00bb][et_pb_text _builder_version=\u00bb4.21.2&#8243; use_border_color=\u00bboff\u00bb border_color=\u00bb#ffffff\u00bb border_style=\u00bbsolid\u00bb global_colors_info=\u00bb{}\u00bb]<\/p>\n<h2>Los primeros salesianos<\/h2>\n<p style=\"text-align: justify;\">La Congregaci\u00f3n Salesiana nace el 18 de diciembre de 1859 en Valdocco (Tur\u00edn), con Juan Bosco (ten\u00eda 44 a\u00f1os) y otros 17 miembros (1 sacerdote, 15 cl\u00e9rigos y 1 estudiante), con el nombre de \u00abP\u00eda Sociedad de San Francisco de Sales\u00bb. El 3 de abril de 1874 la Santa Sede aprueba sus Constituciones.<\/p>\n<p style=\"text-align: justify;\">El despliegue de los salesianos por el mundo avanza con firmeza: 1846 (Don Bosco llega a la casa Pinardi, en Valdocco); 1863 (fundaci\u00f3n de Mirabello, primera casa fuera de Tur\u00edn); 1875 (fundaci\u00f3n de Niza, en Francia, primera casa fuera de Italia. Parte hacia Argentina la primera expedici\u00f3n misionera); 1881 (fundaci\u00f3n de Utrera, en Sevilla, primera obra en Espa\u00f1a); 1884 (empieza la obra salesiana de Sarri\u00e0, entonces un peque\u00f1o pueblo cercano a Barcelona); 1902 (la Espa\u00f1a salesiana est\u00e1 dividida en tres provincias: Barcelona, Madrid y Sevilla); 1961 (se configuran las seis inspector\u00edas actuales: Barcelona, Madrid, Sevilla, Le\u00f3n, Valencia y Bilbao).<\/p>\n<h2>Los salesianos hoy<\/h2>\n<p style=\"text-align: justify;\">Don Bosco muere en Tur\u00edn, a los 73 a\u00f1os, el 31 de enero de 1888. En aquellos momentos los salesianos son\u00a0773, distribuidos en 9 pa\u00edses y 62 comunidades. Actualmente, la Congregaci\u00f3n est\u00e1 extendida por 126 pa\u00edses y la forman 16.692 salesianos, tanto sacerdotes como laicos, presentes en lugares y ambientes muy diversos.<\/p>\n<p style=\"text-align: justify;\">En Espa\u00f1a, hay unos 1.238 salesianos en 143\u00a0comunidades, dedicados a la educaci\u00f3n de ni\u00f1os\/as, j\u00f3venes y adultos, preferentemente de clases populares, promoviendo iniciativas diversas en favor de ellos.<\/p>\n<h2>Los salesianos en La L\u00ednea<\/h2>\n<p style=\"text-align: justify;\">El 12 de septiembre de 1958, el salesiano Gabriel Ramos lleg\u00f3 al municipio, entrando por el barrio de La Atunara hasta llegar a lo que entonces eran los arenales de Huerta Fava, donde ya se levantaba un colegio y una capilla que hab\u00edan sido construidas por el Ministerio de Educaci\u00f3n pero que se encontraban en desuso.<\/p>\n<p style=\"text-align: justify;\">Don Gabriel Ramos lo tuvo claro y acompa\u00f1ado de otro grupo de salesianos decidieron instalarse en La L\u00ednea de la Concepci\u00f3n y traer<br \/>\nla obra de la congregaci\u00f3n de Don Bosco al municipio. Para ello fue muy valioso y hay que destacar, el papel del entonces gobernador militar, Don Antonio Barroso, que estaba muy vinculado a los salesianos y que medi\u00f3 para que dichas instalaciones fueran cedidas a la congregaci\u00f3n salesiana, para que pudieran ofrecer su peculiar sistema educativo que, siempre han dejado una importante huella.<\/p>\n<p style=\"text-align: justify;\">Ese mismo a\u00f1o comenzaron las clases de Primaria y Bachillerato y el colegio lleg\u00f3 a tener 400 alumnos, n\u00famero que ha doblado hoy en d\u00eda. Las ampliaciones llegaron en 1979 para poder albergar la EGB.<\/p>\n<p style=\"text-align: justify;\">La advocaci\u00f3n de Mar\u00eda Auxiliadora va siempre vinculada a la comunidad salesiana y aunque el padre Justo ya sacaba en procesi\u00f3n a la imagen de la Virgen, cuando Gabriel Ramos lleg\u00f3 a La L\u00ednea, el culto se increment\u00f3 en gran medida desde ese a\u00f1o.<\/p>\n<p style=\"text-align: justify;\">Desde sus inicios, la comunidad salesiana ha estado muy implicada en la vida de la ciudad y es que se convirti\u00f3 en una de las primeras iglesias de La L\u00ednea de la Concepci\u00f3n y el colegio pose\u00eda un teatro de grandes dimensiones donde se celebraron los primeros carnavales y se leyeron los primeros pregones.<\/p>\n<p style=\"text-align: justify;\">Los actuales grupos de fe se llamaban entonces compa\u00f1\u00edas y poco despu\u00e9s arranc\u00f3 el centro juvenil. Entonces hab\u00eda pocos lugares donde los j\u00f3venes y los ni\u00f1os pod\u00edan divertirse y el centro proporcion\u00f3 una zona de juegos, sesiones de cine y actividades de todo tipo.<\/p>\n<p>&nbsp;<\/p>\n<p>[\/et_pb_text][\/et_pb_column][\/et_pb_row][et_pb_row column_structure=\u00bb1_2,1_2&#8243; _builder_version=\u00bb4.21.2&#8243; _module_preset=\u00bbdefault\u00bb global_colors_info=\u00bb{}\u00bb][et_pb_column type=\u00bb1_2&#8243; _builder_version=\u00bb4.21.2&#8243; _module_preset=\u00bbdefault\u00bb global_colors_info=\u00bb{}\u00bb][et_pb_image src=\u00bbhttps:\/\/lalinea.salesianos.edu\/colegio\/wp-content\/uploads\/sites\/2\/2023\/08\/328774543_5860223120728320_292411553160237145_n.jpg\u00bb title_text=\u00bb328774543_5860223120728320_292411553160237145_n\u00bb _builder_version=\u00bb4.21.2&#8243; _module_preset=\u00bbdefault\u00bb global_colors_info=\u00bb{}\u00bb][\/et_pb_image][\/et_pb_column][et_pb_column type=\u00bb1_2&#8243; _builder_version=\u00bb4.21.2&#8243; _module_preset=\u00bbdefault\u00bb global_colors_info=\u00bb{}\u00bb][et_pb_image src=\u00bbhttps:\/\/lalinea.salesianos.edu\/colegio\/wp-content\/uploads\/sites\/2\/2023\/08\/Captura-de-pantalla-2023-08-21-a-las-12.31.35.png\u00bb title_text=\u00bbCaptura de pantalla 2023-08-21 a las 12.31.35&#8243; _builder_version=\u00bb4.21.2&#8243; _module_preset=\u00bbdefault\u00bb hover_enabled=\u00bb0&#8243; global_colors_info=\u00bb{}\u00bb sticky_enabled=\u00bb0&#8243;][\/et_pb_image][\/et_pb_column][\/et_pb_row][et_pb_row _builder_version=\u00bb4.21.2&#8243; _module_preset=\u00bbdefault\u00bb global_colors_info=\u00bb{}\u00bb][et_pb_column type=\u00bb4_4&#8243; _builder_version=\u00bb4.21.2&#8243; _module_preset=\u00bbdefault\u00bb global_colors_info=\u00bb{}\u00bb][et_pb_text _builder_version=\u00bb4.21.2&#8243; use_border_color=\u00bboff\u00bb border_color=\u00bb#ffffff\u00bb border_style=\u00bbsolid\u00bb global_colors_info=\u00bb{}\u00bb]<\/p>\n<h2>La Familia Salesiana<\/h2>\n<p style=\"text-align: justify;\">La Familia Salesiana pronto se implant\u00f3 en la obra de la l\u00ednea de la Concepci\u00f3n: Asociaci\u00f3n de Mar\u00eda Auxiliadora, Asociaci\u00f3n de Antiguos Alumnos y Salesianos Cooperadores.<\/p>\n<p style=\"text-align: justify;\">En 1987, los Salesianos de La L\u00ednea se hacen cargo de la parroquia de Santiago, establecida en un templo bendecido he inaugurado por el Obispo don Antonio A\u00f1overos en 1963. El edificio no se encontraba en buenas condiciones y se decidi\u00f3 construir un nuevo templo. Durante el periodo de las obras, la parroquia traslada su sede jur\u00eddica a la capilla de Mar\u00eda Auxiliadora del Colegio Salesiano. En 1971, tras consulta con la Comunidad, don Cipriano Gonz\u00e1lez Gil, inspector salesiano en aquel momento, comunic\u00f3 al Obispo la decisi\u00f3n de dejar la Parroquia.<\/p>\n<p style=\"text-align: justify;\">Muchos y buenos salesianos han regido la marcha de la obra salesiana de La L\u00ednea de la Concepci\u00f3n. Y muchos han trabajado como educadores y pastores de los j\u00f3venes desde 1958.<\/p>\n<h2>Cesa la Comunidad Salesiana<\/h2>\n<p style=\"text-align: justify;\">En el a\u00f1o 2014, la Comunidad Salesiana sale de La L\u00ednea debido a la falta de vocaciones a la vida salesiana. Actualmente, la animaci\u00f3n pastoral de la Obra corresponde a la Comunidad Salesiana de Algeciras, que comparten Director Titular. Los dem\u00e1s hermanos salesianos se implican en la animaci\u00f3n pastoral de la Casa.<\/p>\n<p>[\/et_pb_text][\/et_pb_column][\/et_pb_row][et_pb_row column_structure=\u00bb1_4,3_4&#8243; _builder_version=\u00bb4.16&#8243; background_size=\u00bbinitial\u00bb background_position=\u00bbtop_left\u00bb background_repeat=\u00bbrepeat\u00bb global_colors_info=\u00bb{}\u00bb][et_pb_column type=\u00bb1_4&#8243; _builder_version=\u00bb4.16&#8243; custom_padding=\u00bb|||\u00bb global_colors_info=\u00bb{}\u00bb custom_padding__hover=\u00bb|||\u00bb][et_pb_text _builder_version=\u00bb4.21.2&#8243; _module_preset=\u00bbdefault\u00bb global_colors_info=\u00bb{}\u00bb]<\/p>\n<h1><strong>IM\u00c1GENES <\/strong><\/h1>\n<p>[\/et_pb_text][et_pb_image src=\u00bbhttps:\/\/lalinea.salesianos.edu\/colegio\/wp-content\/uploads\/sites\/2\/2023\/08\/Captura_de_pantalla_2023-08-21_a_las_12.01.13-removebg-preview.png\u00bb title_text=\u00bbCaptura_de_pantalla_2023-08-21_a_las_12.01.13-removebg-preview\u00bb align=\u00bbcenter\u00bb _builder_version=\u00bb4.21.2&#8243; _module_preset=\u00bbdefault\u00bb animation_style=\u00bbfade\u00bb global_colors_info=\u00bb{}\u00bb][\/et_pb_image][\/et_pb_column][et_pb_column type=\u00bb3_4&#8243; _builder_version=\u00bb4.16&#8243; custom_padding=\u00bb|||\u00bb global_colors_info=\u00bb{}\u00bb custom_padding__hover=\u00bb|||\u00bb][et_pb_gallery gallery_ids=\u00bb5195,5198,5199,5200,5201,5202,5203,5204,5205,5206,5207,5185,5186,5187,5188,5189,5190,5191,5193,5194&#8243; fullwidth=\u00bbon\u00bb _builder_version=\u00bb4.16&#8243; animation_style=\u00bbfade\u00bb auto=\u00bbon\u00bb auto_speed=\u00bb4000&#8243; pagination_font_size_tablet=\u00bb51&#8243; pagination_line_height_tablet=\u00bb2&#8243; global_colors_info=\u00bb{}\u00bb][\/et_pb_gallery][\/et_pb_column][\/et_pb_row][\/et_pb_section]<\/p>\n","protected":false},"excerpt":{"rendered":"<p>Los primeros salesianos La Congregaci\u00f3n Salesiana nace el 18 de diciembre de 1859 en Valdocco (Tur\u00edn), con Juan Bosco (ten\u00eda 44 a\u00f1os) y otros 17 miembros (1 sacerdote, 15 cl\u00e9rigos y 1 estudiante), con el nombre de \u00abP\u00eda Sociedad de San Francisco de Sales\u00bb. El 3 de abril de 1874 la Santa Sede aprueba sus [&hellip;]<\/p>\n","protected":false},"author":2,"featured_media":0,"parent":0,"menu_order":0,"comment_status":"closed","ping_status":"closed","template":"","meta":{"_et_pb_use_builder":"on","_et_pb_old_content":"","_et_gb_content_width":"","footnotes":""},"class_list":["post-5184","page","type-page","status-publish","hentry"],"yoast_head":"<!-- This site is optimized with the Yoast SEO plugin v27.2 - https:\/\/yoast.com\/product\/yoast-seo-wordpress\/ -->\n<title>Historia - Colegio<\/title>\n<meta name=\"robots\" content=\"index, follow, max-snippet:-1, max-image-preview:large, max-video-preview:-1\" \/>\n<link rel=\"canonical\" href=\"https:\/\/lalinea.salesianos.edu\/colegio\/historia\/\" \/>\n<meta property=\"og:locale\" content=\"es_ES\" \/>\n<meta property=\"og:type\" content=\"article\" \/>\n<meta property=\"og:title\" content=\"Historia - Colegio\" \/>\n<meta property=\"og:description\" content=\"Los primeros salesianos La Congregaci\u00f3n Salesiana nace el 18 de diciembre de 1859 en Valdocco (Tur\u00edn), con Juan Bosco (ten\u00eda 44 a\u00f1os) y otros 17 miembros (1 sacerdote, 15 cl\u00e9rigos y 1 estudiante), con el nombre de &quot;P\u00eda Sociedad de San Francisco de Sales&quot;. El 3 de abril de 1874 la Santa Sede aprueba sus [&hellip;]\" \/>\n<meta property=\"og:url\" content=\"https:\/\/lalinea.salesianos.edu\/colegio\/historia\/\" \/>\n<meta property=\"og:site_name\" content=\"Colegio\" \/>\n<meta property=\"article:modified_time\" content=\"2025-08-04T08:50:07+00:00\" \/>\n<meta name=\"twitter:card\" content=\"summary_large_image\" \/>\n<meta name=\"twitter:label1\" content=\"Tiempo de lectura\" \/>\n\t<meta name=\"twitter:data1\" content=\"5 minutos\" \/>\n<script type=\"application\/ld+json\" class=\"yoast-schema-graph\">{\"@context\":\"https:\/\/schema.org\",\"@graph\":[{\"@type\":\"WebPage\",\"@id\":\"https:\/\/lalinea.salesianos.edu\/colegio\/historia\/\",\"url\":\"https:\/\/lalinea.salesianos.edu\/colegio\/historia\/\",\"name\":\"Historia - Colegio\",\"isPartOf\":{\"@id\":\"https:\/\/lalinea.salesianos.edu\/colegio\/#website\"},\"datePublished\":\"2017-11-27T13:23:33+00:00\",\"dateModified\":\"2025-08-04T08:50:07+00:00\",\"breadcrumb\":{\"@id\":\"https:\/\/lalinea.salesianos.edu\/colegio\/historia\/#breadcrumb\"},\"inLanguage\":\"es\",\"potentialAction\":[{\"@type\":\"ReadAction\",\"target\":[\"https:\/\/lalinea.salesianos.edu\/colegio\/historia\/\"]}]},{\"@type\":\"BreadcrumbList\",\"@id\":\"https:\/\/lalinea.salesianos.edu\/colegio\/historia\/#breadcrumb\",\"itemListElement\":[{\"@type\":\"ListItem\",\"position\":1,\"name\":\"Portada\",\"item\":\"https:\/\/lalinea.salesianos.edu\/colegio\/\"},{\"@type\":\"ListItem\",\"position\":2,\"name\":\"Historia\"}]},{\"@type\":\"WebSite\",\"@id\":\"https:\/\/lalinea.salesianos.edu\/colegio\/#website\",\"url\":\"https:\/\/lalinea.salesianos.edu\/colegio\/\",\"name\":\"Colegio\",\"description\":\"P\u00e1gina oficial Salesianos La L\u00ednea de la Concepci\u00f3n\",\"potentialAction\":[{\"@type\":\"SearchAction\",\"target\":{\"@type\":\"EntryPoint\",\"urlTemplate\":\"https:\/\/lalinea.salesianos.edu\/colegio\/?s={search_term_string}\"},\"query-input\":{\"@type\":\"PropertyValueSpecification\",\"valueRequired\":true,\"valueName\":\"search_term_string\"}}],\"inLanguage\":\"es\"}]}<\/script>\n<!-- \/ Yoast SEO plugin. -->","yoast_head_json":{"title":"Historia - Colegio","robots":{"index":"index","follow":"follow","max-snippet":"max-snippet:-1","max-image-preview":"max-image-preview:large","max-video-preview":"max-video-preview:-1"},"canonical":"https:\/\/lalinea.salesianos.edu\/colegio\/historia\/","og_locale":"es_ES","og_type":"article","og_title":"Historia - Colegio","og_description":"Los primeros salesianos La Congregaci\u00f3n Salesiana nace el 18 de diciembre de 1859 en Valdocco (Tur\u00edn), con Juan Bosco (ten\u00eda 44 a\u00f1os) y otros 17 miembros (1 sacerdote, 15 cl\u00e9rigos y 1 estudiante), con el nombre de \"P\u00eda Sociedad de San Francisco de Sales\". El 3 de abril de 1874 la Santa Sede aprueba sus [&hellip;]","og_url":"https:\/\/lalinea.salesianos.edu\/colegio\/historia\/","og_site_name":"Colegio","article_modified_time":"2025-08-04T08:50:07+00:00","twitter_card":"summary_large_image","twitter_misc":{"Tiempo de lectura":"5 minutos"},"schema":{"@context":"https:\/\/schema.org","@graph":[{"@type":"WebPage","@id":"https:\/\/lalinea.salesianos.edu\/colegio\/historia\/","url":"https:\/\/lalinea.salesianos.edu\/colegio\/historia\/","name":"Historia - Colegio","isPartOf":{"@id":"https:\/\/lalinea.salesianos.edu\/colegio\/#website"},"datePublished":"2017-11-27T13:23:33+00:00","dateModified":"2025-08-04T08:50:07+00:00","breadcrumb":{"@id":"https:\/\/lalinea.salesianos.edu\/colegio\/historia\/#breadcrumb"},"inLanguage":"es","potentialAction":[{"@type":"ReadAction","target":["https:\/\/lalinea.salesianos.edu\/colegio\/historia\/"]}]},{"@type":"BreadcrumbList","@id":"https:\/\/lalinea.salesianos.edu\/colegio\/historia\/#breadcrumb","itemListElement":[{"@type":"ListItem","position":1,"name":"Portada","item":"https:\/\/lalinea.salesianos.edu\/colegio\/"},{"@type":"ListItem","position":2,"name":"Historia"}]},{"@type":"WebSite","@id":"https:\/\/lalinea.salesianos.edu\/colegio\/#website","url":"https:\/\/lalinea.salesianos.edu\/colegio\/","name":"Colegio","description":"P\u00e1gina oficial Salesianos La L\u00ednea de la Concepci\u00f3n","potentialAction":[{"@type":"SearchAction","target":{"@type":"EntryPoint","urlTemplate":"https:\/\/lalinea.salesianos.edu\/colegio\/?s={search_term_string}"},"query-input":{"@type":"PropertyValueSpecification","valueRequired":true,"valueName":"search_term_string"}}],"inLanguage":"es"}]}},"_links":{"self":[{"href":"https:\/\/lalinea.salesianos.edu\/colegio\/wp-json\/wp\/v2\/pages\/5184","targetHints":{"allow":["GET"]}}],"collection":[{"href":"https:\/\/lalinea.salesianos.edu\/colegio\/wp-json\/wp\/v2\/pages"}],"about":[{"href":"https:\/\/lalinea.salesianos.edu\/colegio\/wp-json\/wp\/v2\/types\/page"}],"author":[{"embeddable":true,"href":"https:\/\/lalinea.salesianos.edu\/colegio\/wp-json\/wp\/v2\/users\/2"}],"replies":[{"embeddable":true,"href":"https:\/\/lalinea.salesianos.edu\/colegio\/wp-json\/wp\/v2\/comments?post=5184"}],"version-history":[{"count":14,"href":"https:\/\/lalinea.salesianos.edu\/colegio\/wp-json\/wp\/v2\/pages\/5184\/revisions"}],"predecessor-version":[{"id":14953,"href":"https:\/\/lalinea.salesianos.edu\/colegio\/wp-json\/wp\/v2\/pages\/5184\/revisions\/14953"}],"wp:attachment":[{"href":"https:\/\/lalinea.salesianos.edu\/colegio\/wp-json\/wp\/v2\/media?parent=5184"}],"curies":[{"name":"wp","href":"https:\/\/api.w.org\/{rel}","templated":true}]}}