{"id":5310,"date":"2017-11-28T13:59:32","date_gmt":"2017-11-28T12:59:32","guid":{"rendered":"https:\/\/lalinea.salesianos.edu\/colegio\/?page_id=5310"},"modified":"2025-08-04T10:49:54","modified_gmt":"2025-08-04T08:49:54","slug":"animacion-misionera","status":"publish","type":"page","link":"https:\/\/lalinea.salesianos.edu\/colegio\/animacion-misionera\/","title":{"rendered":"Animaci\u00f3n Misionera"},"content":{"rendered":"<p>[et_pb_section bb_built=\u00bb1&#8243; custom_padding=\u00bb0px|0px|0px|0px\u00bb fullwidth=\u00bbon\u00bb _builder_version=\u00bb3.0.47&#8243;][et_pb_fullwidth_header title=\u00bbAnimaci\u00f3n misionera\u00bb module_class=\u00bbpagina-imagen-cabecera\u00bb _builder_version=\u00bb3.0.89&#8243; background_image=\u00bbhttps:\/\/inspectoria.salesianos.edu\/wp-content\/uploads\/2017\/09\/ImagenPAGINA.jpg\u00bb text_orientation=\u00bbleft\u00bb header_fullscreen=\u00bboff\u00bb header_scroll_down=\u00bboff\u00bb image_orientation=\u00bbcenter\u00bb background_layout=\u00bblight\u00bb content_orientation=\u00bbcenter\u00bb custom_button_one=\u00bboff\u00bb button_one_icon_placement=\u00bbright\u00bb custom_button_two=\u00bboff\u00bb button_two_icon_placement=\u00bbright\u00bb max_width_tablet=\u00bb50px\u00bb \/][\/et_pb_section][et_pb_section bb_built=\u00bb1&#8243; admin_label=\u00bbsection\u00bb custom_padding=\u00bb0px|0px|54px|0px\u00bb _builder_version=\u00bb3.0.64&#8243;][et_pb_row custom_padding=\u00bb25px|||\u00bb custom_margin=\u00bb25px|||\u00bb _builder_version=\u00bb3.0.64&#8243;][et_pb_column type=\u00bb4_4&#8243;][et_pb_text _builder_version=\u00bb3.0.89&#8243; background_layout=\u00bblight\u00bb]<\/p>\n<h1>La animaci\u00f3n misionera en nuestra Casa<\/h1>\n<p>[\/et_pb_text][et_pb_text _builder_version=\u00bb3.0.89&#8243; background_layout=\u00bblight\u00bb border_style=\u00bbsolid\u00bb]<\/p>\n<p>Por Animaci\u00f3n misionera entendemos toda actividad que realizada en el contexto de la pastoral juvenil del centro, va dirigida a crear, desarrollar y mantener viva la conciencia misionera y solidaria entre los j\u00f3venes.<\/p>\n<p>[\/et_pb_text][et_pb_text _builder_version=\u00bb3.0.89&#8243; background_layout=\u00bblight\u00bb]<\/p>\n<h4>Contenidos que se tratan<\/h4>\n<p>[\/et_pb_text][et_pb_text _builder_version=\u00bb3.0.89&#8243; background_layout=\u00bblight\u00bb border_style=\u00bbsolid\u00bb]<\/p>\n<ul>\n<li><img loading=\"lazy\" decoding=\"async\" class=\"size-medium wp-image-5314 alignright\" src=\"https:\/\/lalinea.salesianos.edu\/colegio\/wp-content\/uploads\/sites\/2\/2017\/11\/cartelDOMUND2017-copia-212x300.jpg\" alt=\"\" width=\"212\" height=\"300\" srcset=\"https:\/\/lalinea.salesianos.edu\/colegio\/wp-content\/uploads\/sites\/2\/2017\/11\/cartelDOMUND2017-copia-212x300.jpg 212w, https:\/\/lalinea.salesianos.edu\/colegio\/wp-content\/uploads\/sites\/2\/2017\/11\/cartelDOMUND2017-copia-768x1087.jpg 768w, https:\/\/lalinea.salesianos.edu\/colegio\/wp-content\/uploads\/sites\/2\/2017\/11\/cartelDOMUND2017-copia-723x1024.jpg 723w, https:\/\/lalinea.salesianos.edu\/colegio\/wp-content\/uploads\/sites\/2\/2017\/11\/cartelDOMUND2017-copia-1080x1529.jpg 1080w, https:\/\/lalinea.salesianos.edu\/colegio\/wp-content\/uploads\/sites\/2\/2017\/11\/cartelDOMUND2017-copia.jpg 1130w\" sizes=\"(max-width: 212px) 100vw, 212px\" \/>Conceptos: Mundialidad, Interculturalidad, Evangelizaci\u00f3n, Desarrollo, An\u00e1lisis evang\u00e9lico de la realidad social (entorno, sociedad, mundo), doctrina social de la Iglesia, Voluntariado social y misionero, conocimiento de otras culturas,&#8230;<\/li>\n<li>Procedimientos: Realizaci\u00f3n de campa\u00f1as, gestos, acciones de concienciaci\u00f3n; participaci\u00f3n en las mismas con la propia aportaci\u00f3n personal y econ\u00f3mica, contacto con j\u00f3venes de otras culturas, acciones solidarias dentro y fuera del propio centro.<\/li>\n<li>Actitudes: Solidaridad, altruismo, sencillez de vida y de consumo, sentido cristiano de la comuni\u00f3n de bienes.<\/li>\n<\/ul>\n<h4 style=\"text-align: justify;\">Metodolog\u00eda<\/h4>\n<ul>\n<li>El protagonismo y participaci\u00f3n de los propios j\u00f3venes en la organizaci\u00f3n y desarrollo de las actividades concretas, seg\u00fan niveles.<\/li>\n<li>La inserci\u00f3n de esta animaci\u00f3n misionera dentro de la Programaci\u00f3n anual.<\/li>\n<li>La educaci\u00f3n en el sentido pr\u00e1ctico y solidario del \u201chacer algo a favor de los dem\u00e1s, especialmente los m\u00e1s necesitados\u201d, creyendo en la eficacia de la acci\u00f3n y no s\u00f3lo de las buenas palabras o intenciones.<\/li>\n<li>La transversalidad de los contenidos solidarios y comprometidos de esta dimensi\u00f3n en el resto de la labor educativa.<\/li>\n<li>La invitaci\u00f3n participar en el voluntariado de Desarrollo ofertado a trav\u00e9s de La Espiral Solidaria.<\/li>\n<li>El trabajo siempre en un triple nivel: informaci\u00f3n-sensibilizaci\u00f3n, formaci\u00f3n y actuaci\u00f3n mediante intervenciones concretas.<\/li>\n<\/ul>\n<h4 style=\"text-align: justify;\"><img loading=\"lazy\" decoding=\"async\" class=\"size-medium wp-image-5315 alignleft\" src=\"https:\/\/lalinea.salesianos.edu\/colegio\/wp-content\/uploads\/sites\/2\/2017\/11\/Logo-Solidaridad-Don-Bosco-300x207.jpg\" alt=\"\" width=\"300\" height=\"207\" srcset=\"https:\/\/lalinea.salesianos.edu\/colegio\/wp-content\/uploads\/sites\/2\/2017\/11\/Logo-Solidaridad-Don-Bosco-300x207.jpg 300w, https:\/\/lalinea.salesianos.edu\/colegio\/wp-content\/uploads\/sites\/2\/2017\/11\/Logo-Solidaridad-Don-Bosco-510x353.jpg 510w, https:\/\/lalinea.salesianos.edu\/colegio\/wp-content\/uploads\/sites\/2\/2017\/11\/Logo-Solidaridad-Don-Bosco.jpg 512w\" sizes=\"(max-width: 300px) 100vw, 300px\" \/>Momentos de intervenci\u00f3n<\/h4>\n<ul>\n<li>Las campa\u00f1as misioneras (Domund,<a href=\"http:\/\/solidaridaddonbosco.org\/\"> Solidaridad Don Bosco<\/a>&#8230;), solidarias (Navidad,), o simplemente formativas.<\/li>\n<li>Los momentos formativos por grupos (en alguna tutor\u00eda, clase de religi\u00f3n u hora formativa), con el apoyo de subsidios (la revista \u201cJuventud Misionera\u201d para primaria y 1\u00aa etapa de ESO).<\/li>\n<li>La participaci\u00f3n en la ONG\u2019D Solidaridad Don Bosco y en sus actividades locales e inspectoriales.<\/li>\n<\/ul>\n<h4>\u00bfCu\u00e1ndo?<\/h4>\n<p>Los equipos de pastoral por niveles, organizados por el coordinador de pastoral, con la colaboraci\u00f3n de un grupo de j\u00f3venes y de educadores (tutores especialmente).<\/p>\n<table width=\"462\">\n<tbody>\n<tr>\n<td width=\"208\"><strong>FECHA<\/strong><\/td>\n<td width=\"255\"><strong>TITULO-CONTENIDO<\/strong><\/td>\n<\/tr>\n<tr>\n<td width=\"208\">Octubre<\/td>\n<td width=\"255\">DOMUND<\/td>\n<\/tr>\n<tr>\n<td width=\"208\">Diciembre<\/td>\n<td width=\"255\">KILO<\/td>\n<\/tr>\n<tr>\n<td width=\"208\">Marzo<\/td>\n<td width=\"255\">SOLIDARIDAD DON BOSCO<\/td>\n<\/tr>\n<\/tbody>\n<\/table>\n<p>[\/et_pb_text][\/et_pb_column][\/et_pb_row][\/et_pb_section]<\/p>\n","protected":false},"excerpt":{"rendered":"<p>La animaci\u00f3n misionera en nuestra Casa Por Animaci\u00f3n misionera entendemos toda actividad que realizada en el contexto de la pastoral juvenil del centro, va dirigida a crear, desarrollar y mantener viva la conciencia misionera y solidaria entre los j\u00f3venes. Contenidos que se tratan Conceptos: Mundialidad, Interculturalidad, Evangelizaci\u00f3n, Desarrollo, An\u00e1lisis evang\u00e9lico de la realidad social (entorno, [&hellip;]<\/p>\n","protected":false},"author":2,"featured_media":0,"parent":0,"menu_order":0,"comment_status":"closed","ping_status":"closed","template":"","meta":{"_et_pb_use_builder":"on","_et_pb_old_content":"","_et_gb_content_width":"","footnotes":""},"class_list":["post-5310","page","type-page","status-publish","hentry"],"yoast_head":"<!-- This site is optimized with the Yoast SEO plugin v27.4 - https:\/\/yoast.com\/product\/yoast-seo-wordpress\/ -->\n<title>Animaci\u00f3n Misionera - Colegio<\/title>\n<meta name=\"robots\" content=\"index, follow, max-snippet:-1, max-image-preview:large, max-video-preview:-1\" \/>\n<link rel=\"canonical\" href=\"https:\/\/lalinea.salesianos.edu\/colegio\/animacion-misionera\/\" \/>\n<meta property=\"og:locale\" content=\"es_ES\" \/>\n<meta property=\"og:type\" content=\"article\" \/>\n<meta property=\"og:title\" content=\"Animaci\u00f3n Misionera - Colegio\" \/>\n<meta property=\"og:description\" content=\"La animaci\u00f3n misionera en nuestra Casa Por Animaci\u00f3n misionera entendemos toda actividad que realizada en el contexto de la pastoral juvenil del centro, va dirigida a crear, desarrollar y mantener viva la conciencia misionera y solidaria entre los j\u00f3venes. Contenidos que se tratan Conceptos: Mundialidad, Interculturalidad, Evangelizaci\u00f3n, Desarrollo, An\u00e1lisis evang\u00e9lico de la realidad social (entorno, [&hellip;]\" \/>\n<meta property=\"og:url\" content=\"https:\/\/lalinea.salesianos.edu\/colegio\/animacion-misionera\/\" \/>\n<meta property=\"og:site_name\" content=\"Colegio\" \/>\n<meta property=\"article:modified_time\" content=\"2025-08-04T08:49:54+00:00\" \/>\n<meta property=\"og:image\" content=\"https:\/\/lalinea.salesianos.edu\/colegio\/wp-content\/uploads\/sites\/2\/2017\/11\/cartelDOMUND2017-copia.jpg\" \/>\n\t<meta property=\"og:image:width\" content=\"1130\" \/>\n\t<meta property=\"og:image:height\" content=\"1600\" \/>\n\t<meta property=\"og:image:type\" content=\"image\/jpeg\" \/>\n<meta name=\"twitter:card\" content=\"summary_large_image\" \/>\n<meta name=\"twitter:label1\" content=\"Tiempo de lectura\" \/>\n\t<meta name=\"twitter:data1\" content=\"3 minutos\" \/>\n<script type=\"application\/ld+json\" class=\"yoast-schema-graph\">{\"@context\":\"https:\\\/\\\/schema.org\",\"@graph\":[{\"@type\":\"WebPage\",\"@id\":\"https:\\\/\\\/lalinea.salesianos.edu\\\/colegio\\\/animacion-misionera\\\/\",\"url\":\"https:\\\/\\\/lalinea.salesianos.edu\\\/colegio\\\/animacion-misionera\\\/\",\"name\":\"Animaci\u00f3n Misionera - Colegio\",\"isPartOf\":{\"@id\":\"https:\\\/\\\/lalinea.salesianos.edu\\\/colegio\\\/#website\"},\"primaryImageOfPage\":{\"@id\":\"https:\\\/\\\/lalinea.salesianos.edu\\\/colegio\\\/animacion-misionera\\\/#primaryimage\"},\"image\":{\"@id\":\"https:\\\/\\\/lalinea.salesianos.edu\\\/colegio\\\/animacion-misionera\\\/#primaryimage\"},\"thumbnailUrl\":\"https:\\\/\\\/lalinea.salesianos.edu\\\/colegio\\\/wp-content\\\/uploads\\\/sites\\\/2\\\/2017\\\/11\\\/cartelDOMUND2017-copia-212x300.jpg\",\"datePublished\":\"2017-11-28T12:59:32+00:00\",\"dateModified\":\"2025-08-04T08:49:54+00:00\",\"breadcrumb\":{\"@id\":\"https:\\\/\\\/lalinea.salesianos.edu\\\/colegio\\\/animacion-misionera\\\/#breadcrumb\"},\"inLanguage\":\"es\",\"potentialAction\":[{\"@type\":\"ReadAction\",\"target\":[\"https:\\\/\\\/lalinea.salesianos.edu\\\/colegio\\\/animacion-misionera\\\/\"]}]},{\"@type\":\"ImageObject\",\"inLanguage\":\"es\",\"@id\":\"https:\\\/\\\/lalinea.salesianos.edu\\\/colegio\\\/animacion-misionera\\\/#primaryimage\",\"url\":\"https:\\\/\\\/lalinea.salesianos.edu\\\/colegio\\\/wp-content\\\/uploads\\\/sites\\\/2\\\/2017\\\/11\\\/cartelDOMUND2017-copia.jpg\",\"contentUrl\":\"https:\\\/\\\/lalinea.salesianos.edu\\\/colegio\\\/wp-content\\\/uploads\\\/sites\\\/2\\\/2017\\\/11\\\/cartelDOMUND2017-copia.jpg\",\"width\":1130,\"height\":1600},{\"@type\":\"BreadcrumbList\",\"@id\":\"https:\\\/\\\/lalinea.salesianos.edu\\\/colegio\\\/animacion-misionera\\\/#breadcrumb\",\"itemListElement\":[{\"@type\":\"ListItem\",\"position\":1,\"name\":\"Portada\",\"item\":\"https:\\\/\\\/lalinea.salesianos.edu\\\/colegio\\\/\"},{\"@type\":\"ListItem\",\"position\":2,\"name\":\"Animaci\u00f3n Misionera\"}]},{\"@type\":\"WebSite\",\"@id\":\"https:\\\/\\\/lalinea.salesianos.edu\\\/colegio\\\/#website\",\"url\":\"https:\\\/\\\/lalinea.salesianos.edu\\\/colegio\\\/\",\"name\":\"Colegio\",\"description\":\"P\u00e1gina oficial Salesianos La L\u00ednea de la Concepci\u00f3n\",\"potentialAction\":[{\"@type\":\"SearchAction\",\"target\":{\"@type\":\"EntryPoint\",\"urlTemplate\":\"https:\\\/\\\/lalinea.salesianos.edu\\\/colegio\\\/?s={search_term_string}\"},\"query-input\":{\"@type\":\"PropertyValueSpecification\",\"valueRequired\":true,\"valueName\":\"search_term_string\"}}],\"inLanguage\":\"es\"}]}<\/script>\n<!-- \/ Yoast SEO plugin. -->","yoast_head_json":{"title":"Animaci\u00f3n Misionera - Colegio","robots":{"index":"index","follow":"follow","max-snippet":"max-snippet:-1","max-image-preview":"max-image-preview:large","max-video-preview":"max-video-preview:-1"},"canonical":"https:\/\/lalinea.salesianos.edu\/colegio\/animacion-misionera\/","og_locale":"es_ES","og_type":"article","og_title":"Animaci\u00f3n Misionera - Colegio","og_description":"La animaci\u00f3n misionera en nuestra Casa Por Animaci\u00f3n misionera entendemos toda actividad que realizada en el contexto de la pastoral juvenil del centro, va dirigida a crear, desarrollar y mantener viva la conciencia misionera y solidaria entre los j\u00f3venes. Contenidos que se tratan Conceptos: Mundialidad, Interculturalidad, Evangelizaci\u00f3n, Desarrollo, An\u00e1lisis evang\u00e9lico de la realidad social (entorno, [&hellip;]","og_url":"https:\/\/lalinea.salesianos.edu\/colegio\/animacion-misionera\/","og_site_name":"Colegio","article_modified_time":"2025-08-04T08:49:54+00:00","og_image":[{"width":1130,"height":1600,"url":"https:\/\/lalinea.salesianos.edu\/colegio\/wp-content\/uploads\/sites\/2\/2017\/11\/cartelDOMUND2017-copia.jpg","type":"image\/jpeg"}],"twitter_card":"summary_large_image","twitter_misc":{"Tiempo de lectura":"3 minutos"},"schema":{"@context":"https:\/\/schema.org","@graph":[{"@type":"WebPage","@id":"https:\/\/lalinea.salesianos.edu\/colegio\/animacion-misionera\/","url":"https:\/\/lalinea.salesianos.edu\/colegio\/animacion-misionera\/","name":"Animaci\u00f3n Misionera - Colegio","isPartOf":{"@id":"https:\/\/lalinea.salesianos.edu\/colegio\/#website"},"primaryImageOfPage":{"@id":"https:\/\/lalinea.salesianos.edu\/colegio\/animacion-misionera\/#primaryimage"},"image":{"@id":"https:\/\/lalinea.salesianos.edu\/colegio\/animacion-misionera\/#primaryimage"},"thumbnailUrl":"https:\/\/lalinea.salesianos.edu\/colegio\/wp-content\/uploads\/sites\/2\/2017\/11\/cartelDOMUND2017-copia-212x300.jpg","datePublished":"2017-11-28T12:59:32+00:00","dateModified":"2025-08-04T08:49:54+00:00","breadcrumb":{"@id":"https:\/\/lalinea.salesianos.edu\/colegio\/animacion-misionera\/#breadcrumb"},"inLanguage":"es","potentialAction":[{"@type":"ReadAction","target":["https:\/\/lalinea.salesianos.edu\/colegio\/animacion-misionera\/"]}]},{"@type":"ImageObject","inLanguage":"es","@id":"https:\/\/lalinea.salesianos.edu\/colegio\/animacion-misionera\/#primaryimage","url":"https:\/\/lalinea.salesianos.edu\/colegio\/wp-content\/uploads\/sites\/2\/2017\/11\/cartelDOMUND2017-copia.jpg","contentUrl":"https:\/\/lalinea.salesianos.edu\/colegio\/wp-content\/uploads\/sites\/2\/2017\/11\/cartelDOMUND2017-copia.jpg","width":1130,"height":1600},{"@type":"BreadcrumbList","@id":"https:\/\/lalinea.salesianos.edu\/colegio\/animacion-misionera\/#breadcrumb","itemListElement":[{"@type":"ListItem","position":1,"name":"Portada","item":"https:\/\/lalinea.salesianos.edu\/colegio\/"},{"@type":"ListItem","position":2,"name":"Animaci\u00f3n Misionera"}]},{"@type":"WebSite","@id":"https:\/\/lalinea.salesianos.edu\/colegio\/#website","url":"https:\/\/lalinea.salesianos.edu\/colegio\/","name":"Colegio","description":"P\u00e1gina oficial Salesianos La L\u00ednea de la Concepci\u00f3n","potentialAction":[{"@type":"SearchAction","target":{"@type":"EntryPoint","urlTemplate":"https:\/\/lalinea.salesianos.edu\/colegio\/?s={search_term_string}"},"query-input":{"@type":"PropertyValueSpecification","valueRequired":true,"valueName":"search_term_string"}}],"inLanguage":"es"}]}},"_links":{"self":[{"href":"https:\/\/lalinea.salesianos.edu\/colegio\/wp-json\/wp\/v2\/pages\/5310","targetHints":{"allow":["GET"]}}],"collection":[{"href":"https:\/\/lalinea.salesianos.edu\/colegio\/wp-json\/wp\/v2\/pages"}],"about":[{"href":"https:\/\/lalinea.salesianos.edu\/colegio\/wp-json\/wp\/v2\/types\/page"}],"author":[{"embeddable":true,"href":"https:\/\/lalinea.salesianos.edu\/colegio\/wp-json\/wp\/v2\/users\/2"}],"replies":[{"embeddable":true,"href":"https:\/\/lalinea.salesianos.edu\/colegio\/wp-json\/wp\/v2\/comments?post=5310"}],"version-history":[{"count":4,"href":"https:\/\/lalinea.salesianos.edu\/colegio\/wp-json\/wp\/v2\/pages\/5310\/revisions"}],"predecessor-version":[{"id":5318,"href":"https:\/\/lalinea.salesianos.edu\/colegio\/wp-json\/wp\/v2\/pages\/5310\/revisions\/5318"}],"wp:attachment":[{"href":"https:\/\/lalinea.salesianos.edu\/colegio\/wp-json\/wp\/v2\/media?parent=5310"}],"curies":[{"name":"wp","href":"https:\/\/api.w.org\/{rel}","templated":true}]}}