{"id":5323,"date":"2017-11-28T14:16:12","date_gmt":"2017-11-28T13:16:12","guid":{"rendered":"https:\/\/lalinea.salesianos.edu\/colegio\/?page_id=5323"},"modified":"2025-08-04T10:50:09","modified_gmt":"2025-08-04T08:50:09","slug":"objetivos-pastoral","status":"publish","type":"page","link":"https:\/\/lalinea.salesianos.edu\/colegio\/objetivos-pastoral\/","title":{"rendered":"Objetivos pastoral"},"content":{"rendered":"<p>[et_pb_section bb_built=\u00bb1&#8243;][et_pb_row _builder_version=\u00bb3.0.89&#8243;][et_pb_column type=\u00bb4_4&#8243;][et_pb_text _builder_version=\u00bb3.0.89&#8243; background_layout=\u00bblight\u00bb]<\/p>\n<p>Objetivos generales de la pastoral de la Casa y espec\u00edficos de la pastoral escolar<\/p>\n<p>[\/et_pb_text][\/et_pb_column][\/et_pb_row][et_pb_row _builder_version=\u00bb3.0.89&#8243;][et_pb_column type=\u00bb4_4&#8243;][et_pb_text _builder_version=\u00bb3.0.89&#8243; background_layout=\u00bblight\u00bb]<\/p>\n<h2><strong>OBJETIVOS ESPEC\u00cdFICOS Y L\u00cdNEAS DE ACCI\u00d3N<\/strong><\/h2>\n<p>[\/et_pb_text][et_pb_accordion _builder_version=\u00bb3.0.89&#8243;] [et_pb_accordion_item _builder_version=\u00bb3.0.89&#8243; title=\u00bbObjetivo 1: Ofrecer una respuesta educativa y pastoral de calidad para responder a las necesidades de los j\u00f3venes. \u00bb use_background_color_gradient=\u00bboff\u00bb background_color_gradient_start=\u00bb#2b87da\u00bb background_color_gradient_end=\u00bb#29c4a9&#8243; background_color_gradient_type=\u00bblinear\u00bb background_color_gradient_direction=\u00bb180deg\u00bb background_color_gradient_direction_radial=\u00bbcenter\u00bb background_color_gradient_start_position=\u00bb0%\u00bb background_color_gradient_end_position=\u00bb100%\u00bb background_color_gradient_overlays_image=\u00bboff\u00bb parallax=\u00bboff\u00bb parallax_method=\u00bbon\u00bb background_size=\u00bbcover\u00bb background_position=\u00bbcenter\u00bb background_repeat=\u00bbno-repeat\u00bb background_blend=\u00bbnormal\u00bb allow_player_pause=\u00bboff\u00bb]<\/p>\n<p>Lineas de acci\u00f3n:<\/p>\n<p>1.1.- Animando y preparando las fiestas salesianas<\/p>\n<p>1.2.- Manteniendo los \u00edndices de participaci\u00f3n por parte del alumnado en las fiestas salesianas y en los retiros\/convivencias.<\/p>\n<p>1.3.- Cuidando las celebraciones mensuales, siendo creativos y facilitando la oraci\u00f3n personal y comunitaria.<\/p>\n<p>1.4.- Implicando a los alumnos en la participaci\u00f3n de las celebraciones, preparando previamente las celebraciones e incluyendo gestos que permitan la participaci\u00f3n de todos.<\/p>\n<p>1.5.- Preparando alguna celebraci\u00f3n por nivel y\/o aula.<\/p>\n<p>[\/et_pb_accordion_item][et_pb_accordion_item _builder_version=\u00bb3.0.89&#8243; title=\u00bbObjetivo 2: Favorecer la educaci\u00f3n en actitudes y valores humanos, cristianos y salesianos.\u00bb use_background_color_gradient=\u00bboff\u00bb background_color_gradient_start=\u00bb#2b87da\u00bb background_color_gradient_end=\u00bb#29c4a9&#8243; background_color_gradient_type=\u00bblinear\u00bb background_color_gradient_direction=\u00bb180deg\u00bb background_color_gradient_direction_radial=\u00bbcenter\u00bb background_color_gradient_start_position=\u00bb0%\u00bb background_color_gradient_end_position=\u00bb100%\u00bb background_color_gradient_overlays_image=\u00bboff\u00bb parallax=\u00bboff\u00bb parallax_method=\u00bbon\u00bb background_size=\u00bbcover\u00bb background_position=\u00bbcenter\u00bb background_repeat=\u00bbno-repeat\u00bb background_blend=\u00bbnormal\u00bb allow_player_pause=\u00bboff\u00bb]<\/p>\n<p>Lineas de acci\u00f3n:<\/p>\n<p>2.1.- Comunicando las diferentes acciones de pastoral por QualidasEducativa y por QeEscuelaFamilia.<\/p>\n<p>2.2.- Celebrando una misa al inicio y al final de curso.<\/p>\n<p>2.3.- Convocando a los padres a participar un d\u00eda del triduo a Don Bosco especialmente dedicado a las familias, preparado junto al AMPA y con una posible convivencia posterior.<\/p>\n<p>2.4.- Dando a conocer nuestras diferentes acciones a trav\u00e9s de las iniciativas del Plan de Mejora de Marketing<\/p>\n<p>2.5.- Presentando al claustro de profesores el Plan de Pastoral<\/p>\n<p>[\/et_pb_accordion_item][et_pb_accordion_item _builder_version=\u00bb3.0.89&#8243; title=\u00bbObjetivo 3: Educar para que el alumno vaya comprometi\u00e9ndose en la transformaci\u00f3n evang\u00e9lica de la realidad y madurando vocacionalmente.\u00bb use_background_color_gradient=\u00bboff\u00bb background_color_gradient_start=\u00bb#2b87da\u00bb background_color_gradient_end=\u00bb#29c4a9&#8243; background_color_gradient_type=\u00bblinear\u00bb background_color_gradient_direction=\u00bb180deg\u00bb background_color_gradient_direction_radial=\u00bbcenter\u00bb background_color_gradient_start_position=\u00bb0%\u00bb background_color_gradient_end_position=\u00bb100%\u00bb background_color_gradient_overlays_image=\u00bboff\u00bb parallax=\u00bboff\u00bb parallax_method=\u00bbon\u00bb background_size=\u00bbcover\u00bb background_position=\u00bbcenter\u00bb background_repeat=\u00bbno-repeat\u00bb background_blend=\u00bbnormal\u00bb allow_player_pause=\u00bboff\u00bb]<\/p>\n<p>Lineas de acci\u00f3n:<\/p>\n<p>3.1.- Proponiendo un Plan de acompa\u00f1amiento a los alumnos por parte de los tutores personales.<\/p>\n<p>3.2.- Dialogando con aquellos alumnos que, derivados por los tutores, presenten dificultades.<\/p>\n<p>3.3.- Entrevist\u00e1ndose el coordinador de pastoral con los profesores.<\/p>\n<p>3.4.- Realizando la semana vocacional en las etapas de Secundaria y FPB.<\/p>\n<p>3.5.- Acompa\u00f1ando a los chicos y chicas que puedan presentar inquietudes vocacionales<\/p>\n<p>3.6.- Proponiendo la participaci\u00f3n en los encuentros vocacionales.<\/p>\n<p>[\/et_pb_accordion_item][et_pb_accordion_item _builder_version=\u00bb3.0.89&#8243; title=\u00bbObjetivo 4: Mejorar la realizaci\u00f3n, difusi\u00f3n y ambientaci\u00f3n de las campa\u00f1as educativas.\u00bb use_background_color_gradient=\u00bboff\u00bb background_color_gradient_start=\u00bb#2b87da\u00bb background_color_gradient_end=\u00bb#29c4a9&#8243; background_color_gradient_type=\u00bblinear\u00bb background_color_gradient_direction=\u00bb180deg\u00bb background_color_gradient_direction_radial=\u00bbcenter\u00bb background_color_gradient_start_position=\u00bb0%\u00bb background_color_gradient_end_position=\u00bb100%\u00bb background_color_gradient_overlays_image=\u00bboff\u00bb parallax=\u00bboff\u00bb parallax_method=\u00bbon\u00bb background_size=\u00bbcover\u00bb background_position=\u00bbcenter\u00bb background_repeat=\u00bbno-repeat\u00bb background_blend=\u00bbnormal\u00bb allow_player_pause=\u00bboff\u00bb]<\/p>\n<p>Lineas de acci\u00f3n:<\/p>\n<p>4.1.- Renovando y adecuando los recursos materiales: buenos d\u00edas, tutor\u00edas que correspondan a pastoral, celebraciones\u2026<\/p>\n<p>4.2.- Colocando carteleras en los pasillos.<\/p>\n<p>4.3.- Potenciando la figura del delegado de pastoral de aula, de forma que facilite y fomente la participaci\u00f3n del alumnado en las distintas campa\u00f1as.<\/p>\n<p>4.4.- Colgando los materiales en la p\u00e1gina web del colegio e informando por QeEscuelaFamilia de las campa\u00f1as que se realizan.<\/p>\n<p>[\/et_pb_accordion_item][et_pb_accordion_item _builder_version=\u00bb3.0.89&#8243; title=\u00bbObjetivo 5: Sensibilizar a los alumnos con las situaciones de pobreza y fomentar la solidaridad.\u00bb use_background_color_gradient=\u00bboff\u00bb background_color_gradient_start=\u00bb#2b87da\u00bb background_color_gradient_end=\u00bb#29c4a9&#8243; background_color_gradient_type=\u00bblinear\u00bb background_color_gradient_direction=\u00bb180deg\u00bb background_color_gradient_direction_radial=\u00bbcenter\u00bb background_color_gradient_start_position=\u00bb0%\u00bb background_color_gradient_end_position=\u00bb100%\u00bb background_color_gradient_overlays_image=\u00bboff\u00bb parallax=\u00bboff\u00bb parallax_method=\u00bbon\u00bb background_size=\u00bbcover\u00bb background_position=\u00bbcenter\u00bb background_repeat=\u00bbno-repeat\u00bb background_blend=\u00bbnormal\u00bb allow_player_pause=\u00bboff\u00bb]<\/p>\n<p>Lineas de acci\u00f3n:<\/p>\n<p>6.1.- Coordinando las campa\u00f1as y acciones solidarias.<\/p>\n<p>6.2.- Impulsando la participaci\u00f3n activa en su desarrollo de las campa\u00f1as.<\/p>\n<p>6.3.- Informando de las recaudaciones obtenidas.<\/p>\n<p>[\/et_pb_accordion_item][et_pb_accordion_item _builder_version=\u00bb3.0.89&#8243; title=\u00bbObjetivo 6: Promover la participaci\u00f3n de los grupos del Itinerario de Educaci\u00f3n en la fe. \u00bb use_background_color_gradient=\u00bboff\u00bb background_color_gradient_start=\u00bb#2b87da\u00bb background_color_gradient_end=\u00bb#29c4a9&#8243; background_color_gradient_type=\u00bblinear\u00bb background_color_gradient_direction=\u00bb180deg\u00bb background_color_gradient_direction_radial=\u00bbcenter\u00bb background_color_gradient_start_position=\u00bb0%\u00bb background_color_gradient_end_position=\u00bb100%\u00bb background_color_gradient_overlays_image=\u00bboff\u00bb parallax=\u00bboff\u00bb parallax_method=\u00bbon\u00bb background_size=\u00bbcover\u00bb background_position=\u00bbcenter\u00bb background_repeat=\u00bbno-repeat\u00bb background_blend=\u00bbnormal\u00bb allow_player_pause=\u00bboff\u00bb]<\/p>\n<p>Lineas de acci\u00f3n:<\/p>\n<p>6.1.- Valorando positivamente las actuaciones del Centro Juvenil.<\/p>\n<p>6.2.- Haciendo referencia en los Buenos D\u00edas de las actividades que se van a llevar a cabo.<\/p>\n<p>6.3.- Ofreciendo la participaci\u00f3n en el Movimiento Juvenil Cristo Vive<\/p>\n<p>6.4.- Ofreciendo momentos l\u00fadicos en los recreos en el Centro Juvenil para los alumnos mayores.<\/p>\n<p>[\/et_pb_accordion_item][et_pb_accordion_item _builder_version=\u00bb3.0.89&#8243; title=\u00bbObjetivo 7: Fomentar la formaci\u00f3n de los miembros del Equipo de Pastoral\u00bb use_background_color_gradient=\u00bboff\u00bb background_color_gradient_start=\u00bb#2b87da\u00bb background_color_gradient_end=\u00bb#29c4a9&#8243; background_color_gradient_type=\u00bblinear\u00bb background_color_gradient_direction=\u00bb180deg\u00bb background_color_gradient_direction_radial=\u00bbcenter\u00bb background_color_gradient_start_position=\u00bb0%\u00bb background_color_gradient_end_position=\u00bb100%\u00bb background_color_gradient_overlays_image=\u00bboff\u00bb parallax=\u00bboff\u00bb parallax_method=\u00bbon\u00bb background_size=\u00bbcover\u00bb background_position=\u00bbcenter\u00bb background_repeat=\u00bbno-repeat\u00bb background_blend=\u00bbnormal\u00bb allow_player_pause=\u00bboff\u00bb]<\/p>\n<p>Linea de acci\u00f3n:<\/p>\n<p>7.1.- Asegurando reuniones o cursos formativos con contenidos espec\u00edficamente pastorales, seg\u00fan las indicaciones inspectoriales.<\/p>\n<p>[\/et_pb_accordion_item] [\/et_pb_accordion][\/et_pb_column][\/et_pb_row][et_pb_row _builder_version=\u00bb3.0.89&#8243;][et_pb_column type=\u00bb1_4&#8243;][et_pb_blurb text_orientation=\u00bbcenter\u00bb _builder_version=\u00bb3.0.89&#8243; header_font=\u00bb||||\u00bb header_font_size=\u00bb20px\u00bb body_font_size=\u00bb16px\u00bb image_max_width=\u00bb180px\u00bb title=\u00bbObjetivo 1&#8243; url_new_window=\u00bboff\u00bb use_icon=\u00bboff\u00bb use_circle=\u00bboff\u00bb use_circle_border=\u00bboff\u00bb icon_placement=\u00bbtop\u00bb use_icon_font_size=\u00bboff\u00bb background_layout=\u00bblight\u00bb]<\/p>\n<p style=\"text-align: left;\">Ofrecer una respuesta educativa y pastoral de calidad para responder a las necesidades de los j\u00f3venes.<\/p>\n<p>[\/et_pb_blurb][\/et_pb_column][et_pb_column type=\u00bb1_4&#8243;][et_pb_blurb text_orientation=\u00bbcenter\u00bb _builder_version=\u00bb3.0.89&#8243; header_font=\u00bb||||\u00bb header_font_size=\u00bb20px\u00bb body_font_size=\u00bb16px\u00bb title=\u00bbObjetivo 2&#8243; url_new_window=\u00bboff\u00bb use_icon=\u00bboff\u00bb use_circle=\u00bboff\u00bb use_circle_border=\u00bboff\u00bb icon_placement=\u00bbtop\u00bb use_icon_font_size=\u00bboff\u00bb background_layout=\u00bblight\u00bb max_width_tablet=\u00bb50px\u00bb]<\/p>\n<p style=\"text-align: left;\">Favorecer la educaci\u00f3n en actitudes y valores humanos, cristianos y salesianos.<\/p>\n<p>[\/et_pb_blurb][\/et_pb_column][et_pb_column type=\u00bb1_4&#8243;][et_pb_blurb text_orientation=\u00bbcenter\u00bb _builder_version=\u00bb3.0.89&#8243; header_font=\u00bb||||\u00bb header_font_size=\u00bb20px\u00bb body_font_size=\u00bb16px\u00bb title=\u00bbObjetivo 3&#8243; url_new_window=\u00bboff\u00bb use_icon=\u00bboff\u00bb use_circle=\u00bboff\u00bb use_circle_border=\u00bboff\u00bb icon_placement=\u00bbtop\u00bb use_icon_font_size=\u00bboff\u00bb background_layout=\u00bblight\u00bb max_width_tablet=\u00bb50px\u00bb]<\/p>\n<p style=\"text-align: left;\">Educar para que el alumno vaya comprometi\u00e9ndose en la transformaci\u00f3n evang\u00e9lica de la realidad y madurando vocacionalmente.<\/p>\n<p>[\/et_pb_blurb][\/et_pb_column][et_pb_column type=\u00bb1_4&#8243;][et_pb_blurb text_orientation=\u00bbcenter\u00bb _builder_version=\u00bb3.0.89&#8243; header_font=\u00bb||||\u00bb header_font_size=\u00bb20px\u00bb body_font_size=\u00bb16px\u00bb title=\u00bbObjetivo 4&#8243; url_new_window=\u00bboff\u00bb use_icon=\u00bboff\u00bb use_circle=\u00bboff\u00bb use_circle_border=\u00bboff\u00bb icon_placement=\u00bbtop\u00bb use_icon_font_size=\u00bboff\u00bb background_layout=\u00bblight\u00bb max_width_tablet=\u00bb50px\u00bb]<\/p>\n<p style=\"text-align: left;\">Mejorar la realizaci\u00f3n, difusi\u00f3n y ambientaci\u00f3n de las campa\u00f1as educativas<\/p>\n<p>[\/et_pb_blurb][\/et_pb_column][\/et_pb_row][et_pb_row custom_padding=\u00bb27px|0px|0px|0px\u00bb disabled_on=\u00bboff|off|off\u00bb _builder_version=\u00bb3.0.89&#8243; disabled=\u00bboff\u00bb][et_pb_column type=\u00bb1_3&#8243;][et_pb_blurb text_orientation=\u00bbcenter\u00bb _builder_version=\u00bb3.0.89&#8243; header_font=\u00bb||||\u00bb header_font_size=\u00bb20px\u00bb body_font_size=\u00bb16px\u00bb title=\u00bbObjetivo 5&#8243; url_new_window=\u00bboff\u00bb use_icon=\u00bboff\u00bb use_circle=\u00bboff\u00bb use_circle_border=\u00bboff\u00bb icon_placement=\u00bbtop\u00bb use_icon_font_size=\u00bboff\u00bb background_layout=\u00bblight\u00bb max_width_tablet=\u00bb50px\u00bb]<\/p>\n<p style=\"text-align: left;\">Sensibilizar a los alumnos con las situaciones de pobreza y fomentar la solidaridad.<\/p>\n<p>[\/et_pb_blurb][\/et_pb_column][et_pb_column type=\u00bb1_3&#8243;][et_pb_blurb text_orientation=\u00bbcenter\u00bb _builder_version=\u00bb3.0.89&#8243; header_font=\u00bb||||\u00bb header_font_size=\u00bb20px\u00bb body_font_size=\u00bb16px\u00bb title=\u00bbObjetivo 6&#8243; url_new_window=\u00bboff\u00bb use_icon=\u00bboff\u00bb use_circle=\u00bboff\u00bb use_circle_border=\u00bboff\u00bb icon_placement=\u00bbtop\u00bb use_icon_font_size=\u00bboff\u00bb background_layout=\u00bblight\u00bb max_width_tablet=\u00bb50px\u00bb]<\/p>\n<p style=\"text-align: left;\">Promover la participaci\u00f3n de los grupos del Itinerario de Educaci\u00f3n en la fe.<\/p>\n<p>[\/et_pb_blurb][\/et_pb_column][et_pb_column type=\u00bb1_3&#8243;][et_pb_blurb text_orientation=\u00bbcenter\u00bb _builder_version=\u00bb3.0.89&#8243; header_font=\u00bb||||\u00bb header_font_size=\u00bb20px\u00bb body_font_size=\u00bb16px\u00bb title=\u00bbObjetivo 7&#8243; url_new_window=\u00bboff\u00bb use_icon=\u00bboff\u00bb use_circle=\u00bboff\u00bb use_circle_border=\u00bboff\u00bb icon_placement=\u00bbtop\u00bb use_icon_font_size=\u00bboff\u00bb background_layout=\u00bblight\u00bb max_width_tablet=\u00bb50px\u00bb]<\/p>\n<p style=\"text-align: left;\">Fomentar la formaci\u00f3n de los miembros del Equipo de Pastoral<\/p>\n<p>[\/et_pb_blurb][\/et_pb_column][\/et_pb_row][\/et_pb_section]<\/p>\n","protected":false},"excerpt":{"rendered":"<p>Objetivos generales de la pastoral de la Casa y espec\u00edficos de la pastoral escolar OBJETIVOS ESPEC\u00cdFICOS Y L\u00cdNEAS DE ACCI\u00d3N Lineas de acci\u00f3n: 1.1.- Animando y preparando las fiestas salesianas 1.2.- Manteniendo los \u00edndices de participaci\u00f3n por parte del alumnado en las fiestas salesianas y en los retiros\/convivencias. 1.3.- Cuidando las celebraciones mensuales, siendo creativos [&hellip;]<\/p>\n","protected":false},"author":2,"featured_media":0,"parent":0,"menu_order":0,"comment_status":"closed","ping_status":"closed","template":"","meta":{"_et_pb_use_builder":"on","_et_pb_old_content":"","_et_gb_content_width":"","footnotes":""},"class_list":["post-5323","page","type-page","status-publish","hentry"],"yoast_head":"<!-- This site is optimized with the Yoast SEO plugin v27.4 - https:\/\/yoast.com\/product\/yoast-seo-wordpress\/ -->\n<title>Objetivos pastoral - Colegio<\/title>\n<meta name=\"robots\" content=\"index, follow, max-snippet:-1, max-image-preview:large, max-video-preview:-1\" \/>\n<link rel=\"canonical\" href=\"https:\/\/lalinea.salesianos.edu\/colegio\/objetivos-pastoral\/\" \/>\n<meta property=\"og:locale\" content=\"es_ES\" \/>\n<meta property=\"og:type\" content=\"article\" \/>\n<meta property=\"og:title\" content=\"Objetivos pastoral - Colegio\" \/>\n<meta property=\"og:description\" content=\"Objetivos generales de la pastoral de la Casa y espec\u00edficos de la pastoral escolar OBJETIVOS ESPEC\u00cdFICOS Y L\u00cdNEAS DE ACCI\u00d3N Lineas de acci\u00f3n: 1.1.- Animando y preparando las fiestas salesianas 1.2.- Manteniendo los \u00edndices de participaci\u00f3n por parte del alumnado en las fiestas salesianas y en los retiros\/convivencias. 1.3.- Cuidando las celebraciones mensuales, siendo creativos [&hellip;]\" \/>\n<meta property=\"og:url\" content=\"https:\/\/lalinea.salesianos.edu\/colegio\/objetivos-pastoral\/\" \/>\n<meta property=\"og:site_name\" content=\"Colegio\" \/>\n<meta property=\"article:modified_time\" content=\"2025-08-04T08:50:09+00:00\" \/>\n<meta name=\"twitter:card\" content=\"summary_large_image\" \/>\n<meta name=\"twitter:label1\" content=\"Tiempo de lectura\" \/>\n\t<meta name=\"twitter:data1\" content=\"9 minutos\" \/>\n<script type=\"application\/ld+json\" class=\"yoast-schema-graph\">{\"@context\":\"https:\\\/\\\/schema.org\",\"@graph\":[{\"@type\":\"WebPage\",\"@id\":\"https:\\\/\\\/lalinea.salesianos.edu\\\/colegio\\\/objetivos-pastoral\\\/\",\"url\":\"https:\\\/\\\/lalinea.salesianos.edu\\\/colegio\\\/objetivos-pastoral\\\/\",\"name\":\"Objetivos pastoral - Colegio\",\"isPartOf\":{\"@id\":\"https:\\\/\\\/lalinea.salesianos.edu\\\/colegio\\\/#website\"},\"datePublished\":\"2017-11-28T13:16:12+00:00\",\"dateModified\":\"2025-08-04T08:50:09+00:00\",\"breadcrumb\":{\"@id\":\"https:\\\/\\\/lalinea.salesianos.edu\\\/colegio\\\/objetivos-pastoral\\\/#breadcrumb\"},\"inLanguage\":\"es\",\"potentialAction\":[{\"@type\":\"ReadAction\",\"target\":[\"https:\\\/\\\/lalinea.salesianos.edu\\\/colegio\\\/objetivos-pastoral\\\/\"]}]},{\"@type\":\"BreadcrumbList\",\"@id\":\"https:\\\/\\\/lalinea.salesianos.edu\\\/colegio\\\/objetivos-pastoral\\\/#breadcrumb\",\"itemListElement\":[{\"@type\":\"ListItem\",\"position\":1,\"name\":\"Portada\",\"item\":\"https:\\\/\\\/lalinea.salesianos.edu\\\/colegio\\\/\"},{\"@type\":\"ListItem\",\"position\":2,\"name\":\"Objetivos pastoral\"}]},{\"@type\":\"WebSite\",\"@id\":\"https:\\\/\\\/lalinea.salesianos.edu\\\/colegio\\\/#website\",\"url\":\"https:\\\/\\\/lalinea.salesianos.edu\\\/colegio\\\/\",\"name\":\"Colegio\",\"description\":\"P\u00e1gina oficial Salesianos La L\u00ednea de la Concepci\u00f3n\",\"potentialAction\":[{\"@type\":\"SearchAction\",\"target\":{\"@type\":\"EntryPoint\",\"urlTemplate\":\"https:\\\/\\\/lalinea.salesianos.edu\\\/colegio\\\/?s={search_term_string}\"},\"query-input\":{\"@type\":\"PropertyValueSpecification\",\"valueRequired\":true,\"valueName\":\"search_term_string\"}}],\"inLanguage\":\"es\"}]}<\/script>\n<!-- \/ Yoast SEO plugin. -->","yoast_head_json":{"title":"Objetivos pastoral - Colegio","robots":{"index":"index","follow":"follow","max-snippet":"max-snippet:-1","max-image-preview":"max-image-preview:large","max-video-preview":"max-video-preview:-1"},"canonical":"https:\/\/lalinea.salesianos.edu\/colegio\/objetivos-pastoral\/","og_locale":"es_ES","og_type":"article","og_title":"Objetivos pastoral - Colegio","og_description":"Objetivos generales de la pastoral de la Casa y espec\u00edficos de la pastoral escolar OBJETIVOS ESPEC\u00cdFICOS Y L\u00cdNEAS DE ACCI\u00d3N Lineas de acci\u00f3n: 1.1.- Animando y preparando las fiestas salesianas 1.2.- Manteniendo los \u00edndices de participaci\u00f3n por parte del alumnado en las fiestas salesianas y en los retiros\/convivencias. 1.3.- Cuidando las celebraciones mensuales, siendo creativos [&hellip;]","og_url":"https:\/\/lalinea.salesianos.edu\/colegio\/objetivos-pastoral\/","og_site_name":"Colegio","article_modified_time":"2025-08-04T08:50:09+00:00","twitter_card":"summary_large_image","twitter_misc":{"Tiempo de lectura":"9 minutos"},"schema":{"@context":"https:\/\/schema.org","@graph":[{"@type":"WebPage","@id":"https:\/\/lalinea.salesianos.edu\/colegio\/objetivos-pastoral\/","url":"https:\/\/lalinea.salesianos.edu\/colegio\/objetivos-pastoral\/","name":"Objetivos pastoral - Colegio","isPartOf":{"@id":"https:\/\/lalinea.salesianos.edu\/colegio\/#website"},"datePublished":"2017-11-28T13:16:12+00:00","dateModified":"2025-08-04T08:50:09+00:00","breadcrumb":{"@id":"https:\/\/lalinea.salesianos.edu\/colegio\/objetivos-pastoral\/#breadcrumb"},"inLanguage":"es","potentialAction":[{"@type":"ReadAction","target":["https:\/\/lalinea.salesianos.edu\/colegio\/objetivos-pastoral\/"]}]},{"@type":"BreadcrumbList","@id":"https:\/\/lalinea.salesianos.edu\/colegio\/objetivos-pastoral\/#breadcrumb","itemListElement":[{"@type":"ListItem","position":1,"name":"Portada","item":"https:\/\/lalinea.salesianos.edu\/colegio\/"},{"@type":"ListItem","position":2,"name":"Objetivos pastoral"}]},{"@type":"WebSite","@id":"https:\/\/lalinea.salesianos.edu\/colegio\/#website","url":"https:\/\/lalinea.salesianos.edu\/colegio\/","name":"Colegio","description":"P\u00e1gina oficial Salesianos La L\u00ednea de la Concepci\u00f3n","potentialAction":[{"@type":"SearchAction","target":{"@type":"EntryPoint","urlTemplate":"https:\/\/lalinea.salesianos.edu\/colegio\/?s={search_term_string}"},"query-input":{"@type":"PropertyValueSpecification","valueRequired":true,"valueName":"search_term_string"}}],"inLanguage":"es"}]}},"_links":{"self":[{"href":"https:\/\/lalinea.salesianos.edu\/colegio\/wp-json\/wp\/v2\/pages\/5323","targetHints":{"allow":["GET"]}}],"collection":[{"href":"https:\/\/lalinea.salesianos.edu\/colegio\/wp-json\/wp\/v2\/pages"}],"about":[{"href":"https:\/\/lalinea.salesianos.edu\/colegio\/wp-json\/wp\/v2\/types\/page"}],"author":[{"embeddable":true,"href":"https:\/\/lalinea.salesianos.edu\/colegio\/wp-json\/wp\/v2\/users\/2"}],"replies":[{"embeddable":true,"href":"https:\/\/lalinea.salesianos.edu\/colegio\/wp-json\/wp\/v2\/comments?post=5323"}],"version-history":[{"count":1,"href":"https:\/\/lalinea.salesianos.edu\/colegio\/wp-json\/wp\/v2\/pages\/5323\/revisions"}],"predecessor-version":[{"id":5324,"href":"https:\/\/lalinea.salesianos.edu\/colegio\/wp-json\/wp\/v2\/pages\/5323\/revisions\/5324"}],"wp:attachment":[{"href":"https:\/\/lalinea.salesianos.edu\/colegio\/wp-json\/wp\/v2\/media?parent=5323"}],"curies":[{"name":"wp","href":"https:\/\/api.w.org\/{rel}","templated":true}]}}