{"id":2554,"date":"2017-06-13T10:11:47","date_gmt":"2017-06-13T09:11:47","guid":{"rendered":"https:\/\/lalinea.salesianos.edu\/familiasalesiana\/?page_id=2554"},"modified":"2025-08-04T10:56:36","modified_gmt":"2025-08-04T08:56:36","slug":"contactar","status":"publish","type":"page","link":"https:\/\/lalinea.salesianos.edu\/familiasalesiana\/contactar\/","title":{"rendered":"Contactar"},"content":{"rendered":"<div id=\"fb-root\"><\/div>\n<p>[et_pb_section bb_built=\u00bb1&#8243; fullwidth=\u00bbon\u00bb specialty=\u00bboff\u00bb transparent_background=\u00bboff\u00bb allow_player_pause=\u00bboff\u00bb inner_shadow=\u00bboff\u00bb parallax=\u00bboff\u00bb parallax_method=\u00bbon\u00bb make_fullwidth=\u00bboff\u00bb use_custom_width=\u00bboff\u00bb width_unit=\u00bbon\u00bb make_equal=\u00bboff\u00bb use_custom_gutter=\u00bboff\u00bb][et_pb_fullwidth_header title=\u00bbContactar\u00bb background_layout=\u00bblight\u00bb text_orientation=\u00bbleft\u00bb header_fullscreen=\u00bboff\u00bb header_scroll_down=\u00bboff\u00bb background_url=\u00bbhttp:\/\/malaga.salesianos.edu\/wp-content\/uploads\/2017\/02\/Foto-de-portad_sin_letras.png\u00bb parallax=\u00bboff\u00bb parallax_method=\u00bboff\u00bb content_orientation=\u00bbcenter\u00bb image_orientation=\u00bbcenter\u00bb title_font_color=\u00bb#ffffff\u00bb custom_button_one=\u00bboff\u00bb button_one_letter_spacing=\u00bb0&#8243; button_one_use_icon=\u00bbdefault\u00bb button_one_icon_placement=\u00bbright\u00bb button_one_on_hover=\u00bbon\u00bb button_one_letter_spacing_hover=\u00bb0&#8243; custom_button_two=\u00bboff\u00bb button_two_letter_spacing=\u00bb0&#8243; button_two_use_icon=\u00bbdefault\u00bb button_two_icon_placement=\u00bbright\u00bb button_two_on_hover=\u00bbon\u00bb button_two_letter_spacing_hover=\u00bb0&#8243; module_class=\u00bbpagina-imagen-cabecera\u00bb title_font_size=\u00bb40px\u00bb background_image=\u00bbhttp:\/\/malaga.salesianos.edu\/wp-content\/uploads\/2017\/02\/Foto-de-portad_sin_letras.png\u00bb title_text_color=\u00bb#ffffff\u00bb \/][\/et_pb_section][et_pb_section bb_built=\u00bb1&#8243; admin_label=\u00bbsection\u00bb transparent_background=\u00bboff\u00bb allow_player_pause=\u00bboff\u00bb inner_shadow=\u00bboff\u00bb parallax=\u00bboff\u00bb parallax_method=\u00bbon\u00bb padding_mobile=\u00bboff\u00bb make_fullwidth=\u00bboff\u00bb use_custom_width=\u00bboff\u00bb width_unit=\u00bboff\u00bb custom_width_px=\u00bb1080px\u00bb custom_width_percent=\u00bb80%\u00bb make_equal=\u00bboff\u00bb use_custom_gutter=\u00bboff\u00bb fullwidth=\u00bboff\u00bb specialty=\u00bboff\u00bb disabled=\u00bboff\u00bb custom_padding_tablet=\u00bb50px|0|50px|0&#8243; custom_padding_last_edited=\u00bbon|desktop\u00bb][et_pb_row admin_label=\u00bbrow\u00bb width_unit=\u00bboff\u00bb padding_mobile=\u00bboff\u00bb column_padding_mobile=\u00bbon\u00bb parallax_3=\u00bboff\u00bb parallax_method_3=\u00bbon\u00bb parallax_4=\u00bboff\u00bb parallax_method_4=\u00bbon\u00bb disabled=\u00bboff\u00bb background_position=\u00bbtop_left\u00bb background_repeat=\u00bbrepeat\u00bb background_size=\u00bbinitial\u00bb _builder_version=\u00bb3.0.51&#8243; background_position_1=\u00bbtop_left\u00bb background_repeat_1=\u00bbno-repeat\u00bb background_position_2=\u00bbtop_left\u00bb background_repeat_2=\u00bbno-repeat\u00bb module_id=\u00bbportada-titulo-seccion\u00bb][et_pb_column type=\u00bb1_2&#8243;][et_pb_text admin_label=\u00bbT\u00edtulo (Texto)\u00bb _builder_version=\u00bb3.0.51&#8243; background_layout=\u00bblight\u00bb text_orientation=\u00bbleft\u00bb border_style=\u00bbsolid\u00bb module_class=\u00bbpagina-titulo\u00bb module_alignment=\u00bbleft\u00bb]<\/p>\n<p>Contactar<\/p>\n<p>[\/et_pb_text][et_pb_text admin_label=\u00bbText\u00bb background_layout=\u00bblight\u00bb disabled=\u00bboff\u00bb background_position=\u00bbtop_left\u00bb background_repeat=\u00bbrepeat\u00bb background_size=\u00bbinitial\u00bb _builder_version=\u00bb3.0.84&#8243; module_alignment=\u00bbleft\u00bb]<\/p>\n<p>Para <strong>CONTACTAR<\/strong> con la <strong>Casa\u00a0Salesiana\u00a0de La L\u00ednea<\/strong>:<\/p>\n<ul>\n<li>Puede rellenar y enviar este\u00a0formulario.<\/li>\n<li>Puede llamar por tel\u00e9fono.<\/li>\n<li>Si desea enviarnos su <strong>CURRICULUM <\/strong>pulse\u00a0<a href=\"http:\/\/bolsatrabajo.salesianos.edu\" target=\"_blank\" rel=\"noopener\"><span style=\"text-decoration: underline;\"><strong>aqu\u00ed<\/strong><\/span><\/a> para acceder a nuestra bolsa de trabajo.<\/li>\n<\/ul>\n<p><strong>Direcci\u00f3n:<\/strong> Avda\/ Men\u00e9ndez Pelayo, 5, 11300 La L\u00ednea<\/p>\n<p><strong>Tel\u00e9fonos:<\/strong> 956 17 71 08<\/p>\n<p><strong>e-mail:<\/strong> direcciontitular.lalinea@salesianos.edu<\/p>\n<p><strong>Horario de apertura:<\/strong>\u00a08:00-14:30 y 16:00-21:00 L-V<\/p>\n<p><strong>Horario de secretar\u00eda:<\/strong>\u00a0De septiembre a julio 11:00-13:00 \u00a0L-V<\/p>\n<p>[\/et_pb_text][\/et_pb_column][et_pb_column type=\u00bb1_2&#8243;][et_pb_text admin_label=\u00bbT\u00edtulo (Texto)\u00bb _builder_version=\u00bb3.0.51&#8243; background_layout=\u00bblight\u00bb text_orientation=\u00bbleft\u00bb border_style=\u00bbsolid\u00bb module_class=\u00bbpagina-titulo\u00bb module_alignment=\u00bbleft\u00bb]<\/p>\n<p>Formulario de contacto<\/p>\n<p>[\/et_pb_text][et_pb_contact_form _builder_version=\u00bb3.0.51&#8243; captcha=\u00bbon\u00bb use_redirect=\u00bboff\u00bb input_border_radius=\u00bb0&#8243; border_style=\u00bbsolid\u00bb custom_button=\u00bboff\u00bb button_letter_spacing=\u00bb0&#8243; button_icon_placement=\u00bbright\u00bb button_letter_spacing_hover=\u00bb0&#8243; email=\u00bbadministracion.lalinea@salesianos.edu\u00bb] [et_pb_contact_field field_title=\u00bbNombre\u00bb field_type=\u00bbinput\u00bb field_id=\u00bbName\u00bb required_mark=\u00bbon\u00bb fullwidth_field=\u00bboff\u00bb \/][et_pb_contact_field field_title=\u00bbDirecci\u00f3n de correo electr\u00f3nico\u00bb field_type=\u00bbemail\u00bb field_id=\u00bbEmail\u00bb required_mark=\u00bbon\u00bb fullwidth_field=\u00bboff\u00bb \/][et_pb_contact_field field_title=\u00bbMensaje\u00bb field_type=\u00bbtext\u00bb field_id=\u00bbMessage\u00bb required_mark=\u00bbon\u00bb fullwidth_field=\u00bbon\u00bb \/][et_pb_contact_field field_id=\u00bbPrivacidad\u00bb field_title=\u00bbAcepto la pol\u00edtica de privacidad del sitio\u00bb field_type=\u00bbcheckbox\u00bb checkbox_checked=\u00bboff\u00bb min_length=\u00bb0&#8243; max_length=\u00bb0&#8243; allowed_symbols=\u00bball\u00bb required_mark=\u00bbon\u00bb conditional_logic=\u00bboff\u00bb conditional_logic_relation=\u00bboff\u00bb conditional_logic_rules=\u00bb%91{%22field%22:%22name%22,%22condition%22:%22is%22,%22value%22:%22%22}%93&#8243; fullwidth_field=\u00bbon\u00bb form_field_font_select=\u00bbdefault\u00bb form_field_font=\u00bb||||\u00bb use_border_color=\u00bbon\u00bb border_style=\u00bbsolid\u00bb radio_options=\u00bb%91{%22value%22:%22S\u00ed%22,%22checked%22:0}%93&#8243; border_color=\u00bb#dc001b\u00bb \/] [\/et_pb_contact_form][\/et_pb_column][\/et_pb_row][\/et_pb_section][et_pb_section bb_built=\u00bb1&#8243; admin_label=\u00bbsection\u00bb transparent_background=\u00bboff\u00bb allow_player_pause=\u00bboff\u00bb inner_shadow=\u00bboff\u00bb parallax=\u00bboff\u00bb parallax_method=\u00bbon\u00bb padding_mobile=\u00bboff\u00bb make_fullwidth=\u00bboff\u00bb use_custom_width=\u00bboff\u00bb width_unit=\u00bboff\u00bb custom_width_px=\u00bb1080px\u00bb custom_width_percent=\u00bb80%\u00bb make_equal=\u00bboff\u00bb use_custom_gutter=\u00bboff\u00bb fullwidth=\u00bbon\u00bb specialty=\u00bboff\u00bb disabled=\u00bboff\u00bb custom_padding_tablet=\u00bb50px|0|50px|0&#8243; custom_padding_last_edited=\u00bbon|desktop\u00bb][et_pb_fullwidth_map admin_label=\u00bbFullwidth Map\u00bb address=\u00bbAlgeciras, Espa\u00f1a\u00bb address_lat=\u00bb36.16416072623208&#8243; address_lng=\u00bb-5.344910185917692&#8243; mouse_wheel=\u00bbon\u00bb mobile_dragging=\u00bbon\u00bb disabled=\u00bboff\u00bb _builder_version=\u00bb3.0.51&#8243; zoom_level=\u00bb16&#8243;] [et_pb_map_pin title=\u00bbSalesianos La L\u00ednea\u00bb pin_address=\u00bbM\u00e1laga, Espa\u00f1a\u00bb pin_address_lat=\u00bb36.163136472712736&#8243; pin_address_lng=\u00bb-5.344379108532735&#8243; disabled=\u00bboff\u00bb \/] [\/et_pb_fullwidth_map][\/et_pb_section]<\/p>\n","protected":false},"excerpt":{"rendered":"<p>Contactar Para CONTACTAR con la Casa\u00a0Salesiana\u00a0de La L\u00ednea: Puede rellenar y enviar este\u00a0formulario. Puede llamar por tel\u00e9fono. Si desea enviarnos su CURRICULUM pulse\u00a0aqu\u00ed para acceder a nuestra bolsa de trabajo. Direcci\u00f3n: Avda\/ Men\u00e9ndez Pelayo, 5, 11300 La L\u00ednea Tel\u00e9fonos: 956 17 71 08 e-mail: direcciontitular.lalinea@salesianos.edu Horario de apertura:\u00a08:00-14:30 y 16:00-21:00 L-V Horario de secretar\u00eda:\u00a0De septiembre [&hellip;]<\/p>\n","protected":false},"author":2,"featured_media":0,"parent":0,"menu_order":0,"comment_status":"closed","ping_status":"closed","template":"","meta":{"_et_pb_use_builder":"on","_et_pb_old_content":"","_et_gb_content_width":"","footnotes":""},"class_list":["post-2554","page","type-page","status-publish","hentry"],"yoast_head":"<!-- This site is optimized with the Yoast SEO plugin v27.3 - https:\/\/yoast.com\/product\/yoast-seo-wordpress\/ -->\n<title>Contactar - Familia Salesiana<\/title>\n<meta name=\"robots\" content=\"index, follow, max-snippet:-1, max-image-preview:large, max-video-preview:-1\" \/>\n<link rel=\"canonical\" href=\"https:\/\/lalinea.salesianos.edu\/familiasalesiana\/contactar\/\" \/>\n<meta property=\"og:locale\" content=\"es_ES\" \/>\n<meta property=\"og:type\" content=\"article\" \/>\n<meta property=\"og:title\" content=\"Contactar - Familia Salesiana\" \/>\n<meta property=\"og:description\" content=\"Contactar Para CONTACTAR con la Casa\u00a0Salesiana\u00a0de La L\u00ednea: Puede rellenar y enviar este\u00a0formulario. Puede llamar por tel\u00e9fono. Si desea enviarnos su CURRICULUM pulse\u00a0aqu\u00ed para acceder a nuestra bolsa de trabajo. Direcci\u00f3n: Avda\/ Men\u00e9ndez Pelayo, 5, 11300 La L\u00ednea Tel\u00e9fonos: 956 17 71 08 e-mail: direcciontitular.lalinea@salesianos.edu Horario de apertura:\u00a08:00-14:30 y 16:00-21:00 L-V Horario de secretar\u00eda:\u00a0De septiembre [&hellip;]\" \/>\n<meta property=\"og:url\" content=\"https:\/\/lalinea.salesianos.edu\/familiasalesiana\/contactar\/\" \/>\n<meta property=\"og:site_name\" content=\"Familia Salesiana\" \/>\n<meta property=\"article:modified_time\" content=\"2025-08-04T08:56:36+00:00\" \/>\n<meta name=\"twitter:card\" content=\"summary_large_image\" \/>\n<meta name=\"twitter:label1\" content=\"Tiempo de lectura\" \/>\n\t<meta name=\"twitter:data1\" content=\"4 minutos\" \/>\n<script type=\"application\/ld+json\" class=\"yoast-schema-graph\">{\"@context\":\"https:\\\/\\\/schema.org\",\"@graph\":[{\"@type\":\"WebPage\",\"@id\":\"https:\\\/\\\/lalinea.salesianos.edu\\\/familiasalesiana\\\/contactar\\\/\",\"url\":\"https:\\\/\\\/lalinea.salesianos.edu\\\/familiasalesiana\\\/contactar\\\/\",\"name\":\"Contactar - Familia Salesiana\",\"isPartOf\":{\"@id\":\"https:\\\/\\\/lalinea.salesianos.edu\\\/familiasalesiana\\\/#website\"},\"datePublished\":\"2017-06-13T09:11:47+00:00\",\"dateModified\":\"2025-08-04T08:56:36+00:00\",\"breadcrumb\":{\"@id\":\"https:\\\/\\\/lalinea.salesianos.edu\\\/familiasalesiana\\\/contactar\\\/#breadcrumb\"},\"inLanguage\":\"es\",\"potentialAction\":[{\"@type\":\"ReadAction\",\"target\":[\"https:\\\/\\\/lalinea.salesianos.edu\\\/familiasalesiana\\\/contactar\\\/\"]}]},{\"@type\":\"BreadcrumbList\",\"@id\":\"https:\\\/\\\/lalinea.salesianos.edu\\\/familiasalesiana\\\/contactar\\\/#breadcrumb\",\"itemListElement\":[{\"@type\":\"ListItem\",\"position\":1,\"name\":\"Portada\",\"item\":\"https:\\\/\\\/lalinea.salesianos.edu\\\/familiasalesiana\\\/\"},{\"@type\":\"ListItem\",\"position\":2,\"name\":\"Contactar\"}]},{\"@type\":\"WebSite\",\"@id\":\"https:\\\/\\\/lalinea.salesianos.edu\\\/familiasalesiana\\\/#website\",\"url\":\"https:\\\/\\\/lalinea.salesianos.edu\\\/familiasalesiana\\\/\",\"name\":\"Familia Salesiana\",\"description\":\"P\u00e1gina oficial Salesianos La L\u00ednea de la Concepci\u00f3n\",\"potentialAction\":[{\"@type\":\"SearchAction\",\"target\":{\"@type\":\"EntryPoint\",\"urlTemplate\":\"https:\\\/\\\/lalinea.salesianos.edu\\\/familiasalesiana\\\/?s={search_term_string}\"},\"query-input\":{\"@type\":\"PropertyValueSpecification\",\"valueRequired\":true,\"valueName\":\"search_term_string\"}}],\"inLanguage\":\"es\"}]}<\/script>\n<!-- \/ Yoast SEO plugin. -->","yoast_head_json":{"title":"Contactar - Familia Salesiana","robots":{"index":"index","follow":"follow","max-snippet":"max-snippet:-1","max-image-preview":"max-image-preview:large","max-video-preview":"max-video-preview:-1"},"canonical":"https:\/\/lalinea.salesianos.edu\/familiasalesiana\/contactar\/","og_locale":"es_ES","og_type":"article","og_title":"Contactar - Familia Salesiana","og_description":"Contactar Para CONTACTAR con la Casa\u00a0Salesiana\u00a0de La L\u00ednea: Puede rellenar y enviar este\u00a0formulario. Puede llamar por tel\u00e9fono. Si desea enviarnos su CURRICULUM pulse\u00a0aqu\u00ed para acceder a nuestra bolsa de trabajo. Direcci\u00f3n: Avda\/ Men\u00e9ndez Pelayo, 5, 11300 La L\u00ednea Tel\u00e9fonos: 956 17 71 08 e-mail: direcciontitular.lalinea@salesianos.edu Horario de apertura:\u00a08:00-14:30 y 16:00-21:00 L-V Horario de secretar\u00eda:\u00a0De septiembre [&hellip;]","og_url":"https:\/\/lalinea.salesianos.edu\/familiasalesiana\/contactar\/","og_site_name":"Familia Salesiana","article_modified_time":"2025-08-04T08:56:36+00:00","twitter_card":"summary_large_image","twitter_misc":{"Tiempo de lectura":"4 minutos"},"schema":{"@context":"https:\/\/schema.org","@graph":[{"@type":"WebPage","@id":"https:\/\/lalinea.salesianos.edu\/familiasalesiana\/contactar\/","url":"https:\/\/lalinea.salesianos.edu\/familiasalesiana\/contactar\/","name":"Contactar - Familia Salesiana","isPartOf":{"@id":"https:\/\/lalinea.salesianos.edu\/familiasalesiana\/#website"},"datePublished":"2017-06-13T09:11:47+00:00","dateModified":"2025-08-04T08:56:36+00:00","breadcrumb":{"@id":"https:\/\/lalinea.salesianos.edu\/familiasalesiana\/contactar\/#breadcrumb"},"inLanguage":"es","potentialAction":[{"@type":"ReadAction","target":["https:\/\/lalinea.salesianos.edu\/familiasalesiana\/contactar\/"]}]},{"@type":"BreadcrumbList","@id":"https:\/\/lalinea.salesianos.edu\/familiasalesiana\/contactar\/#breadcrumb","itemListElement":[{"@type":"ListItem","position":1,"name":"Portada","item":"https:\/\/lalinea.salesianos.edu\/familiasalesiana\/"},{"@type":"ListItem","position":2,"name":"Contactar"}]},{"@type":"WebSite","@id":"https:\/\/lalinea.salesianos.edu\/familiasalesiana\/#website","url":"https:\/\/lalinea.salesianos.edu\/familiasalesiana\/","name":"Familia Salesiana","description":"P\u00e1gina oficial Salesianos La L\u00ednea de la Concepci\u00f3n","potentialAction":[{"@type":"SearchAction","target":{"@type":"EntryPoint","urlTemplate":"https:\/\/lalinea.salesianos.edu\/familiasalesiana\/?s={search_term_string}"},"query-input":{"@type":"PropertyValueSpecification","valueRequired":true,"valueName":"search_term_string"}}],"inLanguage":"es"}]}},"_links":{"self":[{"href":"https:\/\/lalinea.salesianos.edu\/familiasalesiana\/wp-json\/wp\/v2\/pages\/2554","targetHints":{"allow":["GET"]}}],"collection":[{"href":"https:\/\/lalinea.salesianos.edu\/familiasalesiana\/wp-json\/wp\/v2\/pages"}],"about":[{"href":"https:\/\/lalinea.salesianos.edu\/familiasalesiana\/wp-json\/wp\/v2\/types\/page"}],"author":[{"embeddable":true,"href":"https:\/\/lalinea.salesianos.edu\/familiasalesiana\/wp-json\/wp\/v2\/users\/2"}],"replies":[{"embeddable":true,"href":"https:\/\/lalinea.salesianos.edu\/familiasalesiana\/wp-json\/wp\/v2\/comments?post=2554"}],"version-history":[{"count":5,"href":"https:\/\/lalinea.salesianos.edu\/familiasalesiana\/wp-json\/wp\/v2\/pages\/2554\/revisions"}],"predecessor-version":[{"id":2679,"href":"https:\/\/lalinea.salesianos.edu\/familiasalesiana\/wp-json\/wp\/v2\/pages\/2554\/revisions\/2679"}],"wp:attachment":[{"href":"https:\/\/lalinea.salesianos.edu\/familiasalesiana\/wp-json\/wp\/v2\/media?parent=2554"}],"curies":[{"name":"wp","href":"https:\/\/api.w.org\/{rel}","templated":true}]}}