{"id":4089,"date":"2017-11-22T20:23:05","date_gmt":"2017-11-22T19:23:05","guid":{"rendered":"https:\/\/lalinea.salesianos.edu\/centrojuvenil\/?page_id=4089"},"modified":"2025-08-04T10:55:22","modified_gmt":"2025-08-04T08:55:22","slug":"acuarela","status":"publish","type":"page","link":"https:\/\/lalinea.salesianos.edu\/mjs\/acuarela\/","title":{"rendered":"Acuarela"},"content":{"rendered":"<div id=\"fb-root\"><\/div>\n<p>[et_pb_section bb_built=\u00bb1&#8243;][et_pb_row][et_pb_column type=\u00bb4_4&#8243;][et_pb_text _builder_version=\u00bb3.0.89&#8243; background_layout=\u00bblight\u00bb] <div class=\"fb-page\" data-href=\"https:\/\/www.facebook.com\/cjacuarela\" data-width=\"750\" data-height=\"500\" data-tabs=\"timeline\" data-hide-cover=\"true\" data-show-facepile=\"false\" data-hide-cta=\"false\" data-small-header=\"true\" data-adapt-container-width=\"true\"><\/div> [\/et_pb_text][\/et_pb_column][\/et_pb_row][\/et_pb_section]<\/p>\n","protected":false},"excerpt":{"rendered":"<p><div class=\"et_pb_row et_pb_row_0 et_pb_row_empty\">\n\t\t\t\t\n\t\t\t\t\n\t\t\t\t\n\t\t\t\t\n\t\t\t\t\n\t\t\t<\/div> <div class=\"fb-page\" data-href=\"https:\/\/www.facebook.com\/cjacuarela\" data-width=\"750\" data-height=\"500\" data-tabs=\"timeline\" data-hide-cover=\"true\" data-show-facepile=\"false\" data-hide-cta=\"false\" data-small-header=\"true\" data-adapt-container-width=\"true\"><\/div><\/p>\n","protected":false},"author":2,"featured_media":0,"parent":0,"menu_order":0,"comment_status":"closed","ping_status":"closed","template":"","meta":{"_et_pb_use_builder":"on","_et_pb_old_content":"","_et_gb_content_width":"","footnotes":""},"class_list":["post-4089","page","type-page","status-publish","hentry"],"yoast_head":"<!-- This site is optimized with the Yoast SEO plugin v27.4 - https:\/\/yoast.com\/product\/yoast-seo-wordpress\/ -->\n<title>Acuarela - Centro Juvenil Acuarela<\/title>\n<meta name=\"robots\" content=\"index, follow, max-snippet:-1, max-image-preview:large, max-video-preview:-1\" \/>\n<link rel=\"canonical\" href=\"https:\/\/lalinea.salesianos.edu\/mjs\/acuarela\/\" \/>\n<meta property=\"og:locale\" content=\"es_ES\" \/>\n<meta property=\"og:type\" content=\"article\" \/>\n<meta property=\"og:title\" content=\"Acuarela - Centro Juvenil Acuarela\" \/>\n<meta property=\"og:url\" content=\"https:\/\/lalinea.salesianos.edu\/mjs\/acuarela\/\" \/>\n<meta property=\"og:site_name\" content=\"Centro Juvenil Acuarela\" \/>\n<meta property=\"article:modified_time\" content=\"2025-08-04T08:55:22+00:00\" \/>\n<meta name=\"twitter:card\" content=\"summary_large_image\" \/>\n<script type=\"application\/ld+json\" class=\"yoast-schema-graph\">{\"@context\":\"https:\\\/\\\/schema.org\",\"@graph\":[{\"@type\":\"WebPage\",\"@id\":\"https:\\\/\\\/lalinea.salesianos.edu\\\/mjs\\\/acuarela\\\/\",\"url\":\"https:\\\/\\\/lalinea.salesianos.edu\\\/mjs\\\/acuarela\\\/\",\"name\":\"Acuarela - Centro Juvenil Acuarela\",\"isPartOf\":{\"@id\":\"https:\\\/\\\/lalinea.salesianos.edu\\\/mjs\\\/#website\"},\"datePublished\":\"2017-11-22T19:23:05+00:00\",\"dateModified\":\"2025-08-04T08:55:22+00:00\",\"breadcrumb\":{\"@id\":\"https:\\\/\\\/lalinea.salesianos.edu\\\/mjs\\\/acuarela\\\/#breadcrumb\"},\"inLanguage\":\"es\",\"potentialAction\":[{\"@type\":\"ReadAction\",\"target\":[\"https:\\\/\\\/lalinea.salesianos.edu\\\/mjs\\\/acuarela\\\/\"]}]},{\"@type\":\"BreadcrumbList\",\"@id\":\"https:\\\/\\\/lalinea.salesianos.edu\\\/mjs\\\/acuarela\\\/#breadcrumb\",\"itemListElement\":[{\"@type\":\"ListItem\",\"position\":1,\"name\":\"Portada\",\"item\":\"https:\\\/\\\/lalinea.salesianos.edu\\\/mjs\\\/\"},{\"@type\":\"ListItem\",\"position\":2,\"name\":\"Acuarela\"}]},{\"@type\":\"WebSite\",\"@id\":\"https:\\\/\\\/lalinea.salesianos.edu\\\/mjs\\\/#website\",\"url\":\"https:\\\/\\\/lalinea.salesianos.edu\\\/mjs\\\/\",\"name\":\"Centro Juvenil Acuarela\",\"description\":\"P\u00e1gina oficial Salesianos La L\u00ednea de la Concepci\u00f3n\",\"potentialAction\":[{\"@type\":\"SearchAction\",\"target\":{\"@type\":\"EntryPoint\",\"urlTemplate\":\"https:\\\/\\\/lalinea.salesianos.edu\\\/mjs\\\/?s={search_term_string}\"},\"query-input\":{\"@type\":\"PropertyValueSpecification\",\"valueRequired\":true,\"valueName\":\"search_term_string\"}}],\"inLanguage\":\"es\"}]}<\/script>\n<!-- \/ Yoast SEO plugin. -->","yoast_head_json":{"title":"Acuarela - Centro Juvenil Acuarela","robots":{"index":"index","follow":"follow","max-snippet":"max-snippet:-1","max-image-preview":"max-image-preview:large","max-video-preview":"max-video-preview:-1"},"canonical":"https:\/\/lalinea.salesianos.edu\/mjs\/acuarela\/","og_locale":"es_ES","og_type":"article","og_title":"Acuarela - Centro Juvenil Acuarela","og_url":"https:\/\/lalinea.salesianos.edu\/mjs\/acuarela\/","og_site_name":"Centro Juvenil Acuarela","article_modified_time":"2025-08-04T08:55:22+00:00","twitter_card":"summary_large_image","schema":{"@context":"https:\/\/schema.org","@graph":[{"@type":"WebPage","@id":"https:\/\/lalinea.salesianos.edu\/mjs\/acuarela\/","url":"https:\/\/lalinea.salesianos.edu\/mjs\/acuarela\/","name":"Acuarela - Centro Juvenil Acuarela","isPartOf":{"@id":"https:\/\/lalinea.salesianos.edu\/mjs\/#website"},"datePublished":"2017-11-22T19:23:05+00:00","dateModified":"2025-08-04T08:55:22+00:00","breadcrumb":{"@id":"https:\/\/lalinea.salesianos.edu\/mjs\/acuarela\/#breadcrumb"},"inLanguage":"es","potentialAction":[{"@type":"ReadAction","target":["https:\/\/lalinea.salesianos.edu\/mjs\/acuarela\/"]}]},{"@type":"BreadcrumbList","@id":"https:\/\/lalinea.salesianos.edu\/mjs\/acuarela\/#breadcrumb","itemListElement":[{"@type":"ListItem","position":1,"name":"Portada","item":"https:\/\/lalinea.salesianos.edu\/mjs\/"},{"@type":"ListItem","position":2,"name":"Acuarela"}]},{"@type":"WebSite","@id":"https:\/\/lalinea.salesianos.edu\/mjs\/#website","url":"https:\/\/lalinea.salesianos.edu\/mjs\/","name":"Centro Juvenil Acuarela","description":"P\u00e1gina oficial Salesianos La L\u00ednea de la Concepci\u00f3n","potentialAction":[{"@type":"SearchAction","target":{"@type":"EntryPoint","urlTemplate":"https:\/\/lalinea.salesianos.edu\/mjs\/?s={search_term_string}"},"query-input":{"@type":"PropertyValueSpecification","valueRequired":true,"valueName":"search_term_string"}}],"inLanguage":"es"}]}},"_links":{"self":[{"href":"https:\/\/lalinea.salesianos.edu\/mjs\/wp-json\/wp\/v2\/pages\/4089","targetHints":{"allow":["GET"]}}],"collection":[{"href":"https:\/\/lalinea.salesianos.edu\/mjs\/wp-json\/wp\/v2\/pages"}],"about":[{"href":"https:\/\/lalinea.salesianos.edu\/mjs\/wp-json\/wp\/v2\/types\/page"}],"author":[{"embeddable":true,"href":"https:\/\/lalinea.salesianos.edu\/mjs\/wp-json\/wp\/v2\/users\/2"}],"replies":[{"embeddable":true,"href":"https:\/\/lalinea.salesianos.edu\/mjs\/wp-json\/wp\/v2\/comments?post=4089"}],"version-history":[{"count":6,"href":"https:\/\/lalinea.salesianos.edu\/mjs\/wp-json\/wp\/v2\/pages\/4089\/revisions"}],"predecessor-version":[{"id":4147,"href":"https:\/\/lalinea.salesianos.edu\/mjs\/wp-json\/wp\/v2\/pages\/4089\/revisions\/4147"}],"wp:attachment":[{"href":"https:\/\/lalinea.salesianos.edu\/mjs\/wp-json\/wp\/v2\/media?parent=4089"}],"curies":[{"name":"wp","href":"https:\/\/api.w.org\/{rel}","templated":true}]}}